{"id":220,"date":"2015-07-13T20:16:22","date_gmt":"2015-07-13T20:16:22","guid":{"rendered":"http:\/\/vrigstadshembygdsforening.se\/?page_id=220"},"modified":"2021-05-01T16:50:48","modified_gmt":"2021-05-01T16:50:48","slug":"gamla-skolgarden","status":"publish","type":"page","link":"https:\/\/vrigstadshembygdsforening.se\/?page_id=220","title":{"rendered":"Gamla Skolg\u00e5rden"},"content":{"rendered":"<p>Vrigstad har en l\u00e5ng skolhistoria. N\u00e4r den obligatoriska folkskolan inf\u00f6rdes 1842 hade Vrigstad redan haft en skola i 194 \u00e5r. Redan 1649 grundades n\u00e4mligen en s. k. pedagogi h\u00e4r av friherren G\u00f6ran Gyllenstierna p\u00e5 Lundholmen.<\/p>\n<p>Den ekonomiska basen var det hemman friherren anslog till l\u00e4rarens l\u00f6n, Vrigstad M\u00e5nsg\u00e5rd, och som fortfarande \u00e4r i kommunens \u00e4go. Senare fick biskopen och domkapitlet i V\u00e4xj\u00f6 tillsynen \u00f6ver skolan och n\u00e4r s\u00e5 den ber\u00f6mde skalden Esaias Tegn\u00e9r 1824 blev ny biskop tog han initiativ till en ny skolbyggnad. Den uppf\u00f6rdes efter hans r\u00e5d och anvisningar och stod f\u00e4rdig 1826.<\/p>\n<p><a href=\"https:\/\/media.vrigstadshembygdsforening.se\/\/Skolg_flytt.jpg\"><img loading=\"lazy\" decoding=\"async\" class=\"alignnone size-full wp-image-4524\" src=\"https:\/\/media.vrigstadshembygdsforening.se\/\/Skolg_flytt.jpg\" alt=\"\" width=\"700\" height=\"395\" srcset=\"https:\/\/media.vrigstadshembygdsforening.se\/Skolg_flytt.jpg 700w, https:\/\/media.vrigstadshembygdsforening.se\/Skolg_flytt-300x169.jpg 300w\" sizes=\"auto, (max-width: 700px) 100vw, 700px\" \/><\/a><\/p>\n<p>\u00c5r 1917 beslutade att det gamla skolhuset vid M\u00e5nsag\u00e5rden skulle rivas. Folkskoll\u00e4raren K.A. Hultkvist lyckades r\u00e4dda det anrika huset och l\u00e4t flytta det till andra sidan \u00e5n, d\u00e4r det \u00e5teruppf\u00f6rdes i n\u00e4stan of\u00f6r\u00e4ndrat skick. Huset plockades ned stock f\u00f6r stock och transporterades p\u00e5 h\u00e4st- och oxdragna sl\u00e4dar till den nya platsen.<\/p>\n<p><a href=\"https:\/\/media.vrigstadshembygdsforening.se\/\/2015\/07\/kultskolgd.jpg\"><img loading=\"lazy\" decoding=\"async\" class=\"alignnone size-full wp-image-221\" src=\"https:\/\/media.vrigstadshembygdsforening.se\/\/2015\/07\/kultskolgd.jpg\" alt=\"\" width=\"700\" height=\"428\" srcset=\"https:\/\/media.vrigstadshembygdsforening.se\/2015\/07\/kultskolgd.jpg 700w, https:\/\/media.vrigstadshembygdsforening.se\/2015\/07\/kultskolgd-300x183.jpg 300w\" sizes=\"auto, (max-width: 700px) 100vw, 700px\" \/><\/a><\/p>\n<p>Det skolhus som Tegn\u00e9r 1826 inspirerade sockenm\u00e4nnen att bygga l\u00e5g ursprungligen p\u00e5 andra sidan \u00e5n, men flyttades 1917 till sin nuvarande plats.<\/p>\n<p><a href=\"https:\/\/media.vrigstadshembygdsforening.se\/\/2015\/07\/kultskolgd1.jpg\"><img loading=\"lazy\" decoding=\"async\" class=\"alignnone size-full wp-image-222\" src=\"https:\/\/media.vrigstadshembygdsforening.se\/\/2015\/07\/kultskolgd1.jpg\" alt=\"\" width=\"160\" height=\"109\" \/><\/a><\/p>\n<p>Fastigheten\u00a0\u00e4r numera privatbostad. Byggnaderna som omger det gamla skolhuset har tillkommit senare.<br \/>\nMittemot ligger Pr\u00e4stg\u00e5rdens tiondebod fr\u00e5n 1700-talet.<br \/>\nGatan som g\u00e5r f\u00f6rbi har av l\u00e4ttf\u00f6rklarliga sk\u00e4l f\u00e5tt namnet Tegn\u00e9rv\u00e4gen.<\/p>\n","protected":false},"excerpt":{"rendered":"<p>Vrigstad har en l\u00e5ng skolhistoria. N\u00e4r den obligatoriska folkskolan inf\u00f6rdes 1842 hade Vrigstad redan haft en skola i 194 \u00e5r.<\/p>\n","protected":false},"author":1,"featured_media":0,"parent":0,"menu_order":0,"comment_status":"closed","ping_status":"open","template":"","meta":{"footnotes":""},"class_list":["post-220","page","type-page","status-publish","hentry"],"_links":{"self":[{"href":"https:\/\/vrigstadshembygdsforening.se\/index.php?rest_route=\/wp\/v2\/pages\/220","targetHints":{"allow":["GET"]}}],"collection":[{"href":"https:\/\/vrigstadshembygdsforening.se\/index.php?rest_route=\/wp\/v2\/pages"}],"about":[{"href":"https:\/\/vrigstadshembygdsforening.se\/index.php?rest_route=\/wp\/v2\/types\/page"}],"author":[{"embeddable":true,"href":"https:\/\/vrigstadshembygdsforening.se\/index.php?rest_route=\/wp\/v2\/users\/1"}],"replies":[{"embeddable":true,"href":"https:\/\/vrigstadshembygdsforening.se\/index.php?rest_route=%2Fwp%2Fv2%2Fcomments&post=220"}],"version-history":[{"count":4,"href":"https:\/\/vrigstadshembygdsforening.se\/index.php?rest_route=\/wp\/v2\/pages\/220\/revisions"}],"predecessor-version":[{"id":4525,"href":"https:\/\/vrigstadshembygdsforening.se\/index.php?rest_route=\/wp\/v2\/pages\/220\/revisions\/4525"}],"wp:attachment":[{"href":"https:\/\/vrigstadshembygdsforening.se\/index.php?rest_route=%2Fwp%2Fv2%2Fmedia&parent=220"}],"curies":[{"name":"wp","href":"https:\/\/api.w.org\/{rel}","templated":true}]}}