{"id":216,"date":"2015-07-13T20:07:53","date_gmt":"2015-07-13T20:07:53","guid":{"rendered":"http:\/\/vrigstadshembygdsforening.se\/?page_id=216"},"modified":"2023-01-09T09:55:20","modified_gmt":"2023-01-09T09:55:20","slug":"gamla-bankgarden","status":"publish","type":"page","link":"https:\/\/vrigstadshembygdsforening.se\/?page_id=216","title":{"rendered":"Gamla Bankg\u00e5rden"},"content":{"rendered":"<p><span style=\"font-family: Verdana; font-size: small;\">Huset flyttades hit p\u00e5 1840-talet fr\u00e5n Lammhults Herrg\u00e5rd. Det kallades Bolagshuset och uppf\u00f6rdes f\u00f6r att inrymma l\u00e4kare och apotek.<br \/>\n<\/span><\/p>\n<p><span style=\"font-family: Verdana; font-size: small;\"><a href=\"https:\/\/media.vrigstadshembygdsforening.se\/\/2015\/07\/kultbank.jpg\"><img loading=\"lazy\" decoding=\"async\" class=\"alignnone size-full wp-image-217\" src=\"https:\/\/media.vrigstadshembygdsforening.se\/\/2015\/07\/kultbank.jpg\" alt=\"kultbank\" width=\"700\" height=\"374\" srcset=\"https:\/\/media.vrigstadshembygdsforening.se\/2015\/07\/kultbank.jpg 700w, https:\/\/media.vrigstadshembygdsforening.se\/2015\/07\/kultbank-300x160.jpg 300w\" sizes=\"auto, (max-width: 700px) 100vw, 700px\" \/><\/a><br \/>\nApoteket \u00f6ppnades 1842 och l\u00e4karen b\u00f6rjade sin verksamhet 1846. En i raden av provinsiall\u00e4kare blev ensam \u00e4gare till huset och tog 1867 initiativ till grundandet av Vrigstads Sparbank. Den hade sina f\u00f6rsta lokaler i det r\u00f6da huset in p\u00e5 g\u00e5rden. 1913 f\u00f6rv\u00e4rvade banken hela fastigheten och bedrev r\u00f6relse i huvudbyggnaden fram till 1960 d\u00e5 det nuvarande bankhuset byggdes.<br \/>\nP\u00e5 tomten finns allts\u00e5 tre generationer bankbyggnader.<br \/>\nEfter 1960 hade de gamla banklokalerna olika hyresg\u00e4ster, tills huset \u00e5r 1988 inr\u00e4ttades som <a href=\"http:\/\/www.bankgarden.se\/\" target=\"_blank\" rel=\"noopener noreferrer\">bankmuseum<\/a>.<br \/>\nMus\u00e9et visas f\u00f6r grupper efter anm\u00e4lan.<\/span><\/p>\n","protected":false},"excerpt":{"rendered":"<p>Huset flyttades hit p\u00e5 1840-talet fr\u00e5n Lammhults Herrg\u00e5rd. Det kallades Bolagshuset och uppf\u00f6rdes f\u00f6r att inrymma l\u00e4kare och apotek. Apoteket<\/p>\n","protected":false},"author":1,"featured_media":0,"parent":0,"menu_order":0,"comment_status":"closed","ping_status":"open","template":"","meta":{"footnotes":""},"class_list":["post-216","page","type-page","status-publish","hentry"],"_links":{"self":[{"href":"https:\/\/vrigstadshembygdsforening.se\/index.php?rest_route=\/wp\/v2\/pages\/216","targetHints":{"allow":["GET"]}}],"collection":[{"href":"https:\/\/vrigstadshembygdsforening.se\/index.php?rest_route=\/wp\/v2\/pages"}],"about":[{"href":"https:\/\/vrigstadshembygdsforening.se\/index.php?rest_route=\/wp\/v2\/types\/page"}],"author":[{"embeddable":true,"href":"https:\/\/vrigstadshembygdsforening.se\/index.php?rest_route=\/wp\/v2\/users\/1"}],"replies":[{"embeddable":true,"href":"https:\/\/vrigstadshembygdsforening.se\/index.php?rest_route=%2Fwp%2Fv2%2Fcomments&post=216"}],"version-history":[{"count":3,"href":"https:\/\/vrigstadshembygdsforening.se\/index.php?rest_route=\/wp\/v2\/pages\/216\/revisions"}],"predecessor-version":[{"id":6301,"href":"https:\/\/vrigstadshembygdsforening.se\/index.php?rest_route=\/wp\/v2\/pages\/216\/revisions\/6301"}],"wp:attachment":[{"href":"https:\/\/vrigstadshembygdsforening.se\/index.php?rest_route=%2Fwp%2Fv2%2Fmedia&parent=216"}],"curies":[{"name":"wp","href":"https:\/\/api.w.org\/{rel}","templated":true}]}}