{"id":2123,"date":"2018-12-06T12:24:38","date_gmt":"2018-12-06T12:24:38","guid":{"rendered":"http:\/\/vrigstadshembygdsforening.se\/?page_id=2123"},"modified":"2018-12-06T15:08:53","modified_gmt":"2018-12-06T15:08:53","slug":"2011-2","status":"publish","type":"page","link":"https:\/\/vrigstadshembygdsforening.se\/?page_id=2123","title":{"rendered":"Medlemsskrift 2011"},"content":{"rendered":"<h1><strong>En h\u00e4lsning fr\u00e5n <\/strong><strong>Vrigstads hembygdsf\u00f6rening <\/strong><strong>2011<\/strong><\/h1>\n<p><strong><a href=\"https:\/\/media.vrigstadshembygdsforening.se\/\/11_1.jpg\"><img loading=\"lazy\" decoding=\"async\" class=\"alignnone size-full wp-image-2124\" src=\"https:\/\/media.vrigstadshembygdsforening.se\/\/11_1.jpg\" alt=\"\" width=\"397\" height=\"187\" srcset=\"https:\/\/media.vrigstadshembygdsforening.se\/11_1.jpg 397w, https:\/\/media.vrigstadshembygdsforening.se\/11_1-300x141.jpg 300w\" sizes=\"auto, (max-width: 397px) 100vw, 397px\" \/><\/a><\/strong><\/p>\n<p><em>V\u00e5rt bildarkiv v\u00e4xer successivt och omfattar nu \u00f6ver 5\u00a0000 bilder. Denna bild \u00f6ver marknadsbodarna \u00e4r fr\u00e5n 1911 och \u00e4r k\u00f6pt fr\u00e5n Nordiska museet. Mellan de b\u00e5da bodarna n\u00e4rmast skymtar Gr\u00f6ndal, med tv\u00e5 skorstenar, hembygdsf\u00f6reningens stuga.<\/em><\/p>\n<p><strong>Inneh\u00e5ll:<br \/>\n<\/strong>Inbjudan till Vrigstads Hembygdsf\u00f6renings \u00e5rsm\u00f6te<br \/>\nEtt urval av bilder fr\u00e5n Vrigstad (ur bildarkivet)<br \/>\nApotekarsonen i Vrigstad ber\u00e4ttar mera<br \/>\nTack<\/p>\n<p><strong>Inbjudan till \u00e5rsm\u00f6te med Vrigstads hembygdsf\u00f6rening<\/strong><\/p>\n<p>V\u00e4lkommen till \u00e5rsm\u00f6te med Vrigstads Hembygdsf\u00f6rening torsdagen den 7 april, kl. 19.00 i F\u00f6rsamlingshemmet.<\/p>\n<p><strong>Program:<\/strong><\/p>\n<ul>\n<li>\u00c5rsm\u00f6tesf\u00f6rhandlingar.<\/li>\n<li>2010 \u00e5rs verksamhetsber\u00e4ttelse presenteras i ord och bild av Stig Marz.<\/li>\n<li>Stig Marz visar videoklipp.<\/li>\n<li>Servering och lotterier.<\/li>\n<\/ul>\n<p><strong>Gamla och nya medlemmar h\u00e4lsas hj\u00e4rtligt v\u00e4lkomna!<br \/>\n<\/strong><\/p>\n<p><strong>Ett urval av bilder fr\u00e5n Vrigstad<\/strong><\/p>\n<p><strong>\u00c5r 1921<\/strong><\/p>\n<p><a href=\"https:\/\/media.vrigstadshembygdsforening.se\/\/11_2.jpg\"><img loading=\"lazy\" decoding=\"async\" class=\"size-full wp-image-2125 alignleft\" src=\"https:\/\/media.vrigstadshembygdsforening.se\/\/11_2.jpg\" alt=\"\" width=\"397\" height=\"246\" srcset=\"https:\/\/media.vrigstadshembygdsforening.se\/11_2.jpg 397w, https:\/\/media.vrigstadshembygdsforening.se\/11_2-300x186.jpg 300w\" sizes=\"auto, (max-width: 397px) 100vw, 397px\" \/><\/a><\/p>\n<p><em>Vrigstad skola \u00e5r 1921 &#8211; klass 3 och 4. L\u00e4rarinnan Birgitta Holmkvist tillsammans med eleverna (p\u00e5 stenen) Ludvig Johansson, Erik Stensson, Filip Ekdahl, (framf\u00f6r stenen) Erik Pettersson, (st\u00e5ende fr. v.) Axel Molin, \u00c5ke Johansson, Anders Nydal, Tage Lindstr\u00f6m, Simon Svensson, Tage Jakobsson, Ivar p\u00e5 T\u00e4ppa, Elsa Holm, Sigrid Ryd\u00e9n, Carola H\u00e5rd, Greta Rundqvist, (sittande fr. v.) Ingrid Hustavsson, Elisabet Pettersson, Berta Karlsson, Inga Ek, Majken Jonsson, Ingrid Svensson, Berta Andersson, Edit Svensson, Sigrid Johansson och Inga Gustavsson.<\/em><\/p>\n<p><strong>\u00c5r 1931<\/strong><\/p>\n<p><a href=\"https:\/\/media.vrigstadshembygdsforening.se\/\/11_3.jpg\"><img loading=\"lazy\" decoding=\"async\" class=\"size-full wp-image-2126 alignleft\" src=\"https:\/\/media.vrigstadshembygdsforening.se\/\/11_3.jpg\" alt=\"\" width=\"198\" height=\"136\" \/><\/a><\/p>\n<p>&nbsp;<\/p>\n<p><em>1931 plockade de h\u00e4r pojkarna \u00e4pplen i Sandstedts tr\u00e4dg\u00e5rd, nuvarande Jotos parkering, fr. v: Kurt Haegerstam, G\u00f6sta och Lennart Karlsson, Bertil Lindblad, Svenning Svensson, Rune Karlsson och Kjell Sandstedt.<\/em><\/p>\n<p><strong>\u00a0<\/strong><\/p>\n<p><strong>\u00c5r 1941<\/strong><\/p>\n<p><a href=\"https:\/\/media.vrigstadshembygdsforening.se\/\/11_4.jpg\"><img loading=\"lazy\" decoding=\"async\" class=\"size-full wp-image-2127 alignleft\" src=\"https:\/\/media.vrigstadshembygdsforening.se\/\/11_4.jpg\" alt=\"\" width=\"397\" height=\"227\" srcset=\"https:\/\/media.vrigstadshembygdsforening.se\/11_4.jpg 397w, https:\/\/media.vrigstadshembygdsforening.se\/11_4-300x172.jpg 300w\" sizes=\"auto, (max-width: 397px) 100vw, 397px\" \/><\/a><\/p>\n<p>&nbsp;<\/p>\n<p><em>Vrigstad Skofabrik var under 1930-60-talet Vrigstads st\u00f6rsta arbetsgivare. H\u00e4r \u00e4r arbetsstyrkan samlad utanf\u00f6r fabriken\u00a0 \u00e5r 1941.<\/em><\/p>\n<p>&nbsp;<\/p>\n<p><strong><em>\u00a0<\/em><\/strong><\/p>\n<p>&nbsp;<\/p>\n<p><strong>\u00c5r 1951<\/strong><\/p>\n<p><a href=\"https:\/\/media.vrigstadshembygdsforening.se\/\/11_5.jpg\"><img loading=\"lazy\" decoding=\"async\" class=\"size-full wp-image-2128 alignleft\" src=\"https:\/\/media.vrigstadshembygdsforening.se\/\/11_5.jpg\" alt=\"\" width=\"198\" height=\"137\" \/><\/a><\/p>\n<p>&nbsp;<\/p>\n<p><em>Vrigstad kommuns sista kommunaln\u00e4mnd 1947-1951. St\u00e5ende fr v: Gunnar Axelsson, Henrik Vink, Axel Johansson, Otto Svensson, Gustav Karlsson. Sittande fr v: Oskar Krona, Axel Dahlqvist, Emil Crona, ordf., Gustaf Stendahl, Albert Isaksson.<\/em><\/p>\n<p><strong><em>\u00a0<\/em><\/strong><\/p>\n<p><strong>\u00c5r 1961<\/strong><\/p>\n<p><strong><a href=\"https:\/\/media.vrigstadshembygdsforening.se\/\/11_6.jpg\"><img loading=\"lazy\" decoding=\"async\" class=\"size-full wp-image-2129 alignleft\" src=\"https:\/\/media.vrigstadshembygdsforening.se\/\/11_6.jpg\" alt=\"\" width=\"397\" height=\"268\" srcset=\"https:\/\/media.vrigstadshembygdsforening.se\/11_6.jpg 397w, https:\/\/media.vrigstadshembygdsforening.se\/11_6-300x203.jpg 300w\" sizes=\"auto, (max-width: 397px) 100vw, 397px\" \/><\/a>\u00a0<\/strong><\/p>\n<p><em>Vrigstad Sport &amp; L\u00e4derindustri startades 1946 av br\u00f6derna Sture Pettersson och Stig Ringefelt. Huvudprodukten var shoppingv\u00e4skor. \u00c5r 1961 blev de gamla lokalerna f\u00f6r sm\u00e5 och en ny verkstadsbyggnad uppf\u00f6rdes. Byggnadsentrepren\u00f6r var Josua Persson, Lammhult. H\u00e4r har monteringen av takstolar p\u00e5b\u00f6rjats. <\/em><\/p>\n<p>&nbsp;<\/p>\n<p><strong>\u00c5r 1971<\/strong><\/p>\n<p><em><a href=\"https:\/\/media.vrigstadshembygdsforening.se\/\/11_7.jpg\"><img loading=\"lazy\" decoding=\"async\" class=\"size-full wp-image-2130 alignleft\" src=\"https:\/\/media.vrigstadshembygdsforening.se\/\/11_7.jpg\" alt=\"\" width=\"397\" height=\"247\" srcset=\"https:\/\/media.vrigstadshembygdsforening.se\/11_7.jpg 397w, https:\/\/media.vrigstadshembygdsforening.se\/11_7-300x187.jpg 300w\" sizes=\"auto, (max-width: 397px) 100vw, 397px\" \/><br \/>\n<\/a><\/em><\/p>\n<p><em>Fastighets- och l\u00f6s\u00f6reauktion efter fris\u00f6ren Claes Yman, V\u00e4xj\u00f6v\u00e4gen 3. Fastigheten s\u00e5ldes till s\u00e5gverks\u00e4gare Artur Carlsson f\u00f6r 59\u00a0500 kronor.<\/em><\/p>\n<p>&nbsp;<\/p>\n<p>&nbsp;<\/p>\n<p>&nbsp;<\/p>\n<p>&nbsp;<\/p>\n<p><strong>Apotekarsonen i Vrigstad ber\u00e4ttar mera<br \/>\n<\/strong>I f\u00f6rra \u00e5rets h\u00e4lsning \u00e5tergav vi minnen fr\u00e5n Vrigstad ber\u00e4ttade av Egil Pernheim, son till apotekare Claes Persson, som tj\u00e4nstgjorde i Vrigstad under \u00e5ren 1908 till 1911. Vi l\u00e5ter honom nu ta oss med p\u00e5 ett str\u00f6vt\u00e5g i vrigstadbygden f\u00f6r 100 \u00e5r sedan (med kommentarer av Sig Marz):<\/p>\n<p><a href=\"https:\/\/media.vrigstadshembygdsforening.se\/\/11_8.jpg\"><img loading=\"lazy\" decoding=\"async\" class=\"size-full wp-image-2131 alignleft\" src=\"https:\/\/media.vrigstadshembygdsforening.se\/\/11_8.jpg\" alt=\"\" width=\"397\" height=\"234\" srcset=\"https:\/\/media.vrigstadshembygdsforening.se\/11_8.jpg 397w, https:\/\/media.vrigstadshembygdsforening.se\/11_8-300x177.jpg 300w\" sizes=\"auto, (max-width: 397px) 100vw, 397px\" \/><\/a><\/p>\n<p>Nu bege vi oss ut p\u00e5 uppt\u00e4cktsf\u00e4rd i omgivningarna. Vi st\u00e5 p\u00e5 \u00e5bron och blicka uppstr\u00f6ms. Till v\u00e4nster g\u00e5r en v\u00e4g, och n\u00e4r vi f\u00f6ljer den kommer vi till en ladug\u00e5rdsbyggnad, som \u00e4gs av slaktare Nydal. (Viktor Nydahl 1863-1945). En del av ladan \u00e4r inredd f\u00f6r slakt. Eftersom det var f\u00f6rbjudet f\u00f6r oss barn att titta p\u00e5 n\u00e4r det slaktades, s\u00e5 voro vi naturligtvis ofta d\u00e4r och tittade p\u00e5 i smyg. Jag har aldrig haft ont av vad jag s\u00e5g d\u00e5. Tv\u00e4rtom. N\u00e4r nu slaktare Nydal \u00e4r p\u00e5 tapeten, m\u00e5 h\u00e4r inflikas en liten sann historia fr\u00e5n den tiden.<\/p>\n<p>Frun p\u00e5 Biskopsbo (Maria Charlotta Carlstr\u00f6m, hustru till Oscar Carlstr\u00f6m senare riksdagsledamot i andra kammaren), ville ha en bagge slaktad och v\u00e4nde sig d\u00e4rf\u00f6r till Nydal och tid om slakten blev \u00f6verenskommen. Ensam kunde Nydal inte klara det, s\u00e5 han vidtalade en bekant. Denne, vars namn jag inte minns (Algot Andersson p\u00e5 J\u00e4gersro. Far till Karl Algotsson) var nog den siste j\u00e4garen i Sm\u00e5land. Jag menar en som levde p\u00e5 jakt och fiske utan annan syssels\u00e4ttning.<\/p>\n<p>Han, liksom Nydal, var av f\u00f6dsel och ohejdad vana mycket t\u00f6rstig. N\u00e5v\u00e4l! P\u00e5 best\u00e4md dag infunno sig de b\u00e5da kumpanerna p\u00e5 ort och st\u00e4lle. De visades ut till stallet f\u00f6r att besk\u00e5da offerdjuret. Efter en bra stunds prat om var de skulle kunna f\u00e5 sig en sup, gick Nydal f\u00f6r att tala med husfrun. F\u00f6r henne redogjorde han i svepande ordalag hur bra det vore f\u00f6r k\u00f6ttet med lite cognac till baggen. Han fick sig en halvliter och \u00e5terv\u00e4nde till kamraten. Flaskan tullades flitigt och var snart urdrucken. Men t\u00f6rsten var inte sl\u00e4ckt. F\u00f6reg\u00e5ende man\u00f6ver \u00e5terupprepades med lyckat resultat. N\u00e4r flaskan var tom, avlivades baggen snyggt och prydligt.<\/p>\n<p>Som slutkl\u00e4m p\u00e5 historien kom m\u00f6tet p\u00e5 Vrigstad marknad mellan de b\u00e5da Nimrodarna (skickliga eller ivriga j\u00e4gare) och frun p\u00e5 Biskopsbo. Hon g\u00e5r fram till dem och tackar f\u00f6r deras slakthj\u00e4lp, men kan inte f\u00f6rst\u00e5 hur det kom sig att k\u00f6ttet faktiskt smakade cognac. Det kan inte vi heller f\u00f6rst\u00e5, blev svaret. Sm\u00e5l\u00e4nningen som i en liten ask: Kvickt\u00e4nkt och repliksnabb.<\/p>\n<p>N\u00e4r vi passerat slaktladan ser vi ett r\u00f6dm\u00e5lat badhus med en badbrygga ut i \u00e5n. Bryggan var omgiven av ett br\u00e4dplank till skydd mot v\u00e4der och vind samt obeh\u00f6riga blickar. Neds\u00e4nkt i bryggan var ett spj\u00e4lkar f\u00f6r de icke simkunniga. Andra kunde ta sig ett bad ute i \u00e5n om de gingo genom en d\u00f6rr i planket. Vi pojkar badade var och hur som helst, ty vatten fanns det gott om p\u00e5 den tiden. L\u00e4ngre uppf\u00f6r \u00e5n kommo vi till en sand\u00e5s. H\u00e4r g\u00f6r \u00e5n en kraftig kr\u00f6k. Den har brett ut sig och gr\u00e4vt sig djupt ner i marken. Det \u00e4r svalare vatten h\u00e4r \u00e4n p\u00e5 andra st\u00e4llen.(Rakt norr om nuvarande marknadsplatsen). Detta \u00e4r en utm\u00e4rkt badplats f\u00f6r den simkunnige, och d\u00e4rf\u00f6r s\u00e4rskilt omtyckt av de unga m\u00e4nnen och ynglingarna. En s\u00e5dan vattensamling kallades p\u00e5 den tiden, h\u00f6lja, varf\u00f6r n\u00e4mnda badplats gick under namnet \u201dSandh\u00f6ljan\u201d. H\u00e4r \u00f6verg\u00e5r vattendraget fr\u00e5n det lugna framflytandet nere i byn till ett mera forsliknande. \u00c5n blir grund och bottnen stenrik.<\/p>\n<p>En ny bro leder \u00f6ver till andra sidan. Den \u00e4r en bra plats att meta ifr\u00e5n. Stora lax\u00f6ringar kan man f\u00e5 upp h\u00e4r. Vattnet blir alltmer str\u00f6mt ju l\u00e4ngre upp man kommer. Pl\u00f6tsligt ser jag n\u00e5gra v\u00e4ldiga stenblock ute i \u00e5n. De \u00e4ro placerade som om de skulle utg\u00f6ra fundament till en bro. N\u00e4r jag tittar n\u00e4rmre p\u00e5 f\u00f6reteelsen visar det sig att det \u00e4r ett ur\u00e5ldrigt vadst\u00e4lle intill stenarna. Ovansidan av stenblocken \u00e4ro sl\u00e4ta, s\u00e5 man kan t\u00e4nka sig att f\u00f6rf\u00e4dren lagt stenplattor mellan st\u00f6den och p\u00e5 s\u00e5 s\u00e4tt kommit torrskodda \u00f6ver \u00e5n n\u00e4r h\u00f6gt vattenst\u00e5nd gjort det om\u00f6jligt att vada \u00f6ver till andra sidan. Jag har sett avbildningar av dylika broar i England och de uppges vara fr\u00e5n forntiden. Att bygden \u00e4r urgammal, det vet vi, men nog skulle jag vilja p\u00e5st\u00e5 att redan i den gr\u00e5 forntiden denna gudaben\u00e5dade nejd var bebyggd. H\u00e4r fanns ju allt man beh\u00f6vde f\u00f6r att kunna leva. V\u00e4rme, vatten och vilt i oanade m\u00e4ngder. Och som krydda p\u00e5 anr\u00e4ttningen, ett h\u00e4rdat, intelligent och kraftigt sl\u00e4kte.<\/p>\n<p><a href=\"https:\/\/media.vrigstadshembygdsforening.se\/\/11_9.jpg\"><img loading=\"lazy\" decoding=\"async\" class=\"size-full wp-image-2132 alignleft\" src=\"https:\/\/media.vrigstadshembygdsforening.se\/\/11_9.jpg\" alt=\"\" width=\"128\" height=\"191\" \/><\/a><\/p>\n<p>Det \u00e4r sommar och torrt varf\u00f6r vattenst\u00e5ndet \u00e4r l\u00e5gt. Vi vada med l\u00e4tthet \u00f6ver \u00e5n och kommer d\u00e5 till en gammal gr\u00e5 stuga. Den bebos av en skomakare i sm\u00e5 omst\u00e4ndigheter. Det enda han har gott om \u00e4r barn i olika \u00e5ldrar. (Skomakaren Emrik Jonsson (1852-1920) och Maria Charlotta Dahlstr\u00f6m (1853-1939), f\u00f6r\u00e4ldrar till bl.a.\u00a0 Ville Jonsson. Paret hade tio barn). En av pojkarna \u00e4r i min \u00e5lder och vi blevo goda kamrater under v\u00e5ra uppt\u00e4cktsf\u00e4rder i skog och mark.<\/p>\n<p>&nbsp;<\/p>\n<p>&nbsp;<\/p>\n<p><a href=\"https:\/\/media.vrigstadshembygdsforening.se\/\/11_10.jpg\"><img loading=\"lazy\" decoding=\"async\" class=\"size-full wp-image-2133 alignright\" src=\"https:\/\/media.vrigstadshembygdsforening.se\/\/11_10.jpg\" alt=\"\" width=\"113\" height=\"151\" \/><\/a>Vid den fortsatta f\u00e4rden uppstr\u00f6ms komma vi till en liten by, vars namn jag gl\u00f6mt (K\u00f6pstad) Men jag minns att tv\u00e5 av dr\u00e4ngarna p\u00e5 G\u00e4stgivarg\u00e5rden, Weimar och Einar Lilja voro h\u00e4rifr\u00e5n (h\u00e4r \u00e4r ett minnesfel. De var f\u00f6dda i Norra Ljunga och i Vrigstad bodde de p\u00e5 Annedal d\u00e4r fadern var garvare. M\u00f6jligen hade de varit dr\u00e4ngar i K\u00f6pstad). Likas\u00e5 v\u00e5r jungfru Gerda, som f\u00f6rut varit mj\u00f6lkpiga i G\u00e4stgivarg\u00e5rden\u00a0(hon var f\u00f6dd p\u00e5 S\u00f6r\u00e4ng under Gnillinge och dotter till Per Alfred August Johansson Mars och hans hustru Anna Mathilda Gustafsdotter. Gerda gifte sig med John Lindblad och blev mor till bl.a. G\u00f6ran Lindblad. S\u00f6r\u00e4ng ligger ju inte s\u00e5 l\u00e5ngt fr\u00e5n K\u00f6pstad).<\/p>\n<p>Fr\u00e5n byn vid \u00e5n g\u00e5r en liten v\u00e4g rakt \u00f6ver f\u00e4lten mot godset \u201dBiskopsbo\u201d, som ligger utefter stora landsv\u00e4gen Wrigstad-S\u00e4vsj\u00f6. N\u00e4r vi komma till v\u00e4gsk\u00e4let, sv\u00e4nga vi av \u00e5t h\u00f6ger och komma efter en stunds vandring till en grind, ett led som det heter h\u00e4r eller p\u00e5 ren sm\u00e5l\u00e4ndska \u201dle\u201d. H\u00e4r g\u00e5r gr\u00e4nsen mellan godset och vrigstadbyns \u00e4gor.Vi \u00f6ppna och g\u00e5 igenom. Dikesrenen p\u00e5 bysidan \u00e4r som sammet, s\u00e5 v\u00e4l avbetad \u00e4r den av f\u00e5r och getter. H\u00e4r brukade vi pojkar h\u00e5lla till och \u201dspela kniv\u201d, ett trevligt n\u00f6je i v\u00e4ntan p\u00e5 att det skulle komma n\u00e5got bra ekipage, som vi kunde \u00f6ppna grinden f\u00f6r och f\u00e5 en slant i bel\u00f6ning. Vi forts\u00e4tta v\u00e4gen fram mot byn och hava d\u00e5 p\u00e5 h\u00f6gersidan n\u00e5gra utmarker. Den f\u00f6rsta tillh\u00f6r g\u00e4stgivaren och kallas h\u00e4stahagen, ty d\u00e4r fingo h\u00e4starna g\u00e5 p\u00e5 bete n\u00e4r de inte beh\u00f6vdes f\u00f6r skjutsh\u00e5llet.<\/p>\n<p><a href=\"https:\/\/media.vrigstadshembygdsforening.se\/\/11_11.jpg\"><img loading=\"lazy\" decoding=\"async\" class=\"size-full wp-image-2134 alignleft\" src=\"https:\/\/media.vrigstadshembygdsforening.se\/\/11_11.jpg\" alt=\"\" width=\"198\" height=\"129\" \/><\/a><\/p>\n<p>N\u00e4sta omr\u00e5de tillh\u00f6rde pr\u00e4stg\u00e5rden, och var likaledes en h\u00e4sthage. Mitt f\u00f6r denna, p\u00e5 v\u00e4nster sida av v\u00e4gen, l\u00e5g en liten vacker r\u00f6dm\u00e5lad stuga tillh\u00f6rande sockenskr\u00e4ddaren Sidenqvist (Clas August Sidenqvist, 1851-1930), en trivsam, originell m\u00e4nniska. Undrar just om inte hans cykel var mera originell och p\u00e5 vilken han gjorde sina resor i socknen f\u00f6r att hos vederb\u00f6rande best\u00e4llare utf\u00f6ra sitt arbete. Resorna brukade ta hela veckan i anspr\u00e5k och n\u00e4r han kom hem p\u00e5 l\u00f6rdagskv\u00e4llen satte han genast ig\u00e5ng med sk\u00f6tseln av sin stuga och tr\u00e4dg\u00e5rd. D\u00e4r var alltid snyggt och v\u00e4lpyntat.<\/p>\n<p>S\u00e5 komma vi till ett v\u00e4gsk\u00e4l. H\u00e4r g\u00e5r v\u00e4gen till Stockaryd och vid dess h\u00f6gra sida str\u00e4cker sig marknadsplatsen med sina vanligen tomma bodar i r\u00f6d f\u00e4rg. Men p\u00e5 marknadsdagarna \u00e4r h\u00e4r livligt v\u00e4rre och bodarnas framsidor nedf\u00e4llda f\u00f6r att tj\u00e4na som diskar f\u00f6r f\u00f6rs\u00e4ljarnas varor.<\/p>\n<p><a href=\"https:\/\/media.vrigstadshembygdsforening.se\/\/11_12.jpg\"><img loading=\"lazy\" decoding=\"async\" class=\"size-full wp-image-2135 alignleft\" src=\"https:\/\/media.vrigstadshembygdsforening.se\/\/11_12.jpg\" alt=\"\" width=\"198\" height=\"131\" \/><\/a><\/p>\n<p>Vi forts\u00e4tter och vid h\u00f6rnet av torget ha vi p\u00e5 v\u00e4nster hand ett bageri f\u00f6r finbr\u00f6d. Det \u00e4r n\u00e5gra fr\u00f6knar Thunander, som driver r\u00f6relsen och samtidigt telefonstationen. (Det var bageriidkerskan Sofia Lovisa Thunander med d\u00f6ttrar som drev bageriet. Dottern M\u00e4rta hade hand om telefonv\u00e4xeln).<\/p>\n<p>&nbsp;<\/p>\n<p>&nbsp;<\/p>\n<p><strong>Tack<br \/>\n<\/strong>Hembygdsf\u00f6reningen f\u00e5r framf\u00f6ra ett varmt tack f\u00f6r g\u00e5vor under 2010 fr\u00e5n bl.a. Vrigstads k\u00f6pm\u00e4n, Kolmilarf\u00f6reningen och Elisabeth Ralf.<\/p>\n","protected":false},"excerpt":{"rendered":"<p>En h\u00e4lsning fr\u00e5n Vrigstads hembygdsf\u00f6rening 2011 V\u00e5rt bildarkiv v\u00e4xer successivt och omfattar nu \u00f6ver 5\u00a0000 bilder. Denna bild \u00f6ver marknadsbodarna<\/p>\n","protected":false},"author":1,"featured_media":0,"parent":0,"menu_order":0,"comment_status":"closed","ping_status":"closed","template":"","meta":{"footnotes":""},"class_list":["post-2123","page","type-page","status-publish","hentry"],"_links":{"self":[{"href":"https:\/\/vrigstadshembygdsforening.se\/index.php?rest_route=\/wp\/v2\/pages\/2123","targetHints":{"allow":["GET"]}}],"collection":[{"href":"https:\/\/vrigstadshembygdsforening.se\/index.php?rest_route=\/wp\/v2\/pages"}],"about":[{"href":"https:\/\/vrigstadshembygdsforening.se\/index.php?rest_route=\/wp\/v2\/types\/page"}],"author":[{"embeddable":true,"href":"https:\/\/vrigstadshembygdsforening.se\/index.php?rest_route=\/wp\/v2\/users\/1"}],"replies":[{"embeddable":true,"href":"https:\/\/vrigstadshembygdsforening.se\/index.php?rest_route=%2Fwp%2Fv2%2Fcomments&post=2123"}],"version-history":[{"count":6,"href":"https:\/\/vrigstadshembygdsforening.se\/index.php?rest_route=\/wp\/v2\/pages\/2123\/revisions"}],"predecessor-version":[{"id":2146,"href":"https:\/\/vrigstadshembygdsforening.se\/index.php?rest_route=\/wp\/v2\/pages\/2123\/revisions\/2146"}],"wp:attachment":[{"href":"https:\/\/vrigstadshembygdsforening.se\/index.php?rest_route=%2Fwp%2Fv2%2Fmedia&parent=2123"}],"curies":[{"name":"wp","href":"https:\/\/api.w.org\/{rel}","templated":true}]}}