{"id":212,"date":"2015-07-13T19:58:05","date_gmt":"2015-07-13T19:58:05","guid":{"rendered":"http:\/\/vrigstadshembygdsforening.se\/?page_id=212"},"modified":"2023-01-09T09:56:25","modified_gmt":"2023-01-09T09:56:25","slug":"christina-nilsson-stenen","status":"publish","type":"page","link":"https:\/\/vrigstadshembygdsforening.se\/?page_id=212","title":{"rendered":"Christina Nilsson &#8211; Stenen"},"content":{"rendered":"<p>Den v\u00e4rldsber\u00f6mda s\u00e5ngerskan Christina Nilsson kom 1856 till marknaden i Vrigstad. Hon var d\u00e5 13 \u00e5r gammal och \u00e5kte runt till olika tillst\u00e4llningar tillsammans med bj\u00f6rnt\u00e4mjaren Kalle Kruse och brodern Sven f\u00f6r att tj\u00e4na en slant.<\/p>\n<p><a href=\"https:\/\/media.vrigstadshembygdsforening.se\/\/2015\/07\/kultchristina.jpg\"><img loading=\"lazy\" decoding=\"async\" class=\" size-full wp-image-213 alignleft\" src=\"https:\/\/media.vrigstadshembygdsforening.se\/\/2015\/07\/kultchristina.jpg\" alt=\"kultchristina\" width=\"160\" height=\"223\" \/><\/a><\/p>\n<p>De kom ocks\u00e5 till Vrigstad. Bland dem som d\u00e5 h\u00f6rde Christina sjunga var f\u00f6rsamlingens kantor Sven Grankvist, som bodde i det r\u00f6da huset p\u00e5 bankg\u00e5rden. Han f\u00f6rstod hennes ovanliga s\u00e5ngbeg\u00e5vning och l\u00e4t henne stanna i sitt hem n\u00e5gra m\u00e5nader f\u00f6r att ge henne s\u00e5ng- och musikundervisning. Hon trivdes v\u00e4l i det Grankvistska hemmet, hon upptr\u00e4dde och sj\u00f6ng, bl. a. i en liten paviljong som stod just d\u00e4r minnesstenen nu \u00e4r.<\/p>\n<p>Men n\u00e4r det sen var dags f\u00f6r marknad igen kom bj\u00f6rnt\u00e4mjaren och brodern tillbaka och i deras s\u00e4llskap l\u00e4mnade Christina Vrigstad.<br \/>\nF\u00f6ljande \u00e5r tr\u00e4dde mecenater in och hennes v\u00e4g mot ber\u00f6mmelsen b\u00f6rjade p\u00e5 allvar.<br \/>\nMinnesstenen avt\u00e4cktes 1965 och \u00e4r utf\u00f6rd av skulpt\u00f6ren Wilhelm Giesecke.<\/p>\n","protected":false},"excerpt":{"rendered":"<p>Den v\u00e4rldsber\u00f6mda s\u00e5ngerskan Christina Nilsson kom 1856 till marknaden i Vrigstad. Hon var d\u00e5 13 \u00e5r gammal och \u00e5kte runt<\/p>\n","protected":false},"author":1,"featured_media":0,"parent":0,"menu_order":0,"comment_status":"open","ping_status":"open","template":"","meta":{"footnotes":""},"class_list":["post-212","page","type-page","status-publish","hentry"],"_links":{"self":[{"href":"https:\/\/vrigstadshembygdsforening.se\/index.php?rest_route=\/wp\/v2\/pages\/212","targetHints":{"allow":["GET"]}}],"collection":[{"href":"https:\/\/vrigstadshembygdsforening.se\/index.php?rest_route=\/wp\/v2\/pages"}],"about":[{"href":"https:\/\/vrigstadshembygdsforening.se\/index.php?rest_route=\/wp\/v2\/types\/page"}],"author":[{"embeddable":true,"href":"https:\/\/vrigstadshembygdsforening.se\/index.php?rest_route=\/wp\/v2\/users\/1"}],"replies":[{"embeddable":true,"href":"https:\/\/vrigstadshembygdsforening.se\/index.php?rest_route=%2Fwp%2Fv2%2Fcomments&post=212"}],"version-history":[{"count":1,"href":"https:\/\/vrigstadshembygdsforening.se\/index.php?rest_route=\/wp\/v2\/pages\/212\/revisions"}],"predecessor-version":[{"id":215,"href":"https:\/\/vrigstadshembygdsforening.se\/index.php?rest_route=\/wp\/v2\/pages\/212\/revisions\/215"}],"wp:attachment":[{"href":"https:\/\/vrigstadshembygdsforening.se\/index.php?rest_route=%2Fwp%2Fv2%2Fmedia&parent=212"}],"curies":[{"name":"wp","href":"https:\/\/api.w.org\/{rel}","templated":true}]}}