{"id":208,"date":"2015-07-13T19:52:44","date_gmt":"2015-07-13T19:52:44","guid":{"rendered":"http:\/\/vrigstadshembygdsforening.se\/?page_id=208"},"modified":"2020-08-18T15:20:06","modified_gmt":"2020-08-18T15:20:06","slug":"kulturguide","status":"publish","type":"page","link":"https:\/\/vrigstadshembygdsforening.se\/?page_id=208","title":{"rendered":"Kulturguide"},"content":{"rendered":"<p align=\"\/center\"><strong>Vrigstad &#8211; byn d\u00e4r v\u00e4garna m\u00f6ts. En kulturguide.<\/strong><br \/>\nVrigstads Hembygdsf\u00f6rening tog under 1998 fram en kulturguide \u00f6ver Vrigstad. M\u00e5ls\u00e4ttningen var att i ett informativt material, f\u00f6r s\u00e5v\u00e4l bes\u00f6kare som samh\u00e4llsinv\u00e5nare, sprida kunskap kring n\u00e5gra av de kulturminnen som man finner p\u00e5 en kort promenad i centrum av Vrigstad.<\/p>\n<p>Broschyrens rubrik &#8221;Byn d\u00e4r v\u00e4garna m\u00f6ts&#8221; eller &#8221;Byn vid \u00e5kroken&#8221; syftar p\u00e5 det faktum att i Vrigstad har ocks\u00e5 m\u00e4nniskor i alla tider m\u00f6tts f\u00f6r att k\u00f6pa, byta och s\u00e4lja. En tolkning av namnet Vrigstad \u00e4r att det skulle betyda platsen vid den krokiga \u00e5n. De \u00e4ldsta industrierna hade ocks\u00e5 plats vid \u00e5n. Det var garverier, f\u00e4rgeri och bryggeri, som alla var beroende av vatten. Ingen av dem existerar l\u00e4ngre. I dag h\u00e4mtar flera av v\u00e5ra industrier i st\u00e4llet sin r\u00e5vara fr\u00e5n skogen.<\/p>\n<p align=\"\/center\"><a href=\"https:\/\/media.vrigstadshembygdsforening.se\/\/2015\/07\/kguide.jpg\"><img loading=\"lazy\" decoding=\"async\" class=\" size-full wp-image-209 alignleft\" src=\"https:\/\/media.vrigstadshembygdsforening.se\/\/2015\/07\/kguide.jpg\" alt=\"kguide\" width=\"143\" height=\"303\" srcset=\"https:\/\/media.vrigstadshembygdsforening.se\/2015\/07\/kguide.jpg 143w, https:\/\/media.vrigstadshembygdsforening.se\/2015\/07\/kguide-142x300.jpg 142w\" sizes=\"auto, (max-width: 143px) 100vw, 143px\" \/><\/a>I guiden beskrivs, tillsammans med en <a href=\"https:\/\/vrigstadshembygdsforening.se\/?page_id=233\">karta<\/a> \u00f6ver samh\u00e4llet, f\u00f6ljande byggnader, platser och evenemang: <a href=\"https:\/\/vrigstadshembygdsforening.se\/?page_id=243\">Kyrkan<\/a>, <a href=\"https:\/\/vrigstadshembygdsforening.se\/?page_id=216\">Gamla Bankg\u00e5rden<\/a>, <a href=\"https:\/\/vrigstadshembygdsforening.se\/?page_id=212\">Christina Nilsson &#8211; Stenen<\/a>, <a href=\"https:\/\/vrigstadshembygdsforening.se\/?page_id=220\">Gamla Skolg\u00e5rden<\/a>, <a href=\"https:\/\/vrigstadshembygdsforening.se\/?page_id=229\">Kopparslagare Grells Verkstad<\/a>, <a href=\"https:\/\/vrigstadshembygdsforening.se\/?page_id=239\">Kr\u00e5ke Sten<\/a>, <a href=\"https:\/\/vrigstadshembygdsforening.se\/?page_id=225\">Hembygdsstugan Gr\u00f6ndal <\/a>och <a href=\"https:\/\/vrigstadshembygdsforening.se\/?page_id=247\">Vrigstads marknad<\/a>.<\/p>\n<p align=\"\/center\">Broschyren finns ocks\u00e5 tillg\u00e4nglig p\u00e5 tyska.<\/p>\n<p>Kulturguiden har framtagits av Vrigstads Hembygdsf\u00f6rening med bidrag fr\u00e5n: F\u00f6reningsSparbanken, Gunnarssons servicebutik, G\u00f6rans Spel &amp; Tobak, H\u00f6glandets turism, Jotos, Ostboden, Ostkaksbageriet, Perssons Manufakturaff\u00e4r, Sm\u00e5landsost, Sm\u00f6rg\u00e5sservice, Vrigstads Blomsterhandel, Vrigstads samh\u00e4llsf\u00f6rening och Vrigstad W\u00e4rdshus.<\/p>\n","protected":false},"excerpt":{"rendered":"<p>Vrigstad &#8211; byn d\u00e4r v\u00e4garna m\u00f6ts. En kulturguide. Vrigstads Hembygdsf\u00f6rening tog under 1998 fram en kulturguide \u00f6ver Vrigstad. M\u00e5ls\u00e4ttningen var<\/p>\n","protected":false},"author":1,"featured_media":0,"parent":0,"menu_order":0,"comment_status":"closed","ping_status":"open","template":"","meta":{"footnotes":""},"class_list":["post-208","page","type-page","status-publish","hentry"],"_links":{"self":[{"href":"https:\/\/vrigstadshembygdsforening.se\/index.php?rest_route=\/wp\/v2\/pages\/208","targetHints":{"allow":["GET"]}}],"collection":[{"href":"https:\/\/vrigstadshembygdsforening.se\/index.php?rest_route=\/wp\/v2\/pages"}],"about":[{"href":"https:\/\/vrigstadshembygdsforening.se\/index.php?rest_route=\/wp\/v2\/types\/page"}],"author":[{"embeddable":true,"href":"https:\/\/vrigstadshembygdsforening.se\/index.php?rest_route=\/wp\/v2\/users\/1"}],"replies":[{"embeddable":true,"href":"https:\/\/vrigstadshembygdsforening.se\/index.php?rest_route=%2Fwp%2Fv2%2Fcomments&post=208"}],"version-history":[{"count":4,"href":"https:\/\/vrigstadshembygdsforening.se\/index.php?rest_route=\/wp\/v2\/pages\/208\/revisions"}],"predecessor-version":[{"id":4251,"href":"https:\/\/vrigstadshembygdsforening.se\/index.php?rest_route=\/wp\/v2\/pages\/208\/revisions\/4251"}],"wp:attachment":[{"href":"https:\/\/vrigstadshembygdsforening.se\/index.php?rest_route=%2Fwp%2Fv2%2Fmedia&parent=208"}],"curies":[{"name":"wp","href":"https:\/\/api.w.org\/{rel}","templated":true}]}}