{"id":2062,"date":"2018-11-16T17:25:27","date_gmt":"2018-11-16T17:25:27","guid":{"rendered":"http:\/\/vrigstadshembygdsforening.se\/?page_id=2062"},"modified":"2018-11-16T17:59:36","modified_gmt":"2018-11-16T17:59:36","slug":"kartor","status":"publish","type":"page","link":"https:\/\/vrigstadshembygdsforening.se\/?page_id=2062","title":{"rendered":"Kartor"},"content":{"rendered":"<p>H\u00e4r presenterar vi n\u00e5gra kartor \u00f6ver Vrigstad.<\/p>\n<p><a href=\"https:\/\/media.vrigstadshembygdsforening.se\/\/Biskopsbo_1736.pdf\" target=\"_blank\" rel=\"noopener\">Biskopsbo \u00e4gor 1736<\/a><\/p>\n<p><a href=\"https:\/\/media.vrigstadshembygdsforening.se\/\/Biskopsbo_2_1736.pdf\" target=\"_blank\" rel=\"noopener\">Biskopsbo \u00e4gor 2 1736<\/a><\/p>\n<p><a href=\"https:\/\/media.vrigstadshembygdsforening.se\/\/Generalstabskarta_1875.pdf\" target=\"_blank\" rel=\"noopener\">Generalstabskarta 1875\u00a0<\/a><\/p>\n<p><a href=\"https:\/\/media.vrigstadshembygdsforening.se\/\/Karta_1690.pdf\" target=\"_blank\" rel=\"noopener\">Karta \u00f6ver Vrigstads socken 1690<\/a><\/p>\n<p><a href=\"https:\/\/media.vrigstadshembygdsforening.se\/\/Maderna_1836.pdf\" target=\"_blank\" rel=\"noopener\">Maderna vid Biskopsbo, Gnillinge och Vrigstads Pr\u00e4steg\u00e5rd 1836<\/a><\/p>\n<p><a href=\"https:\/\/media.vrigstadshembygdsforening.se\/\/Skog_Biskopsbo_1875.pdf\" target=\"_blank\" rel=\"noopener\">Skog &amp; Hagar till Biskopsbo 1875<\/a><\/p>\n<p><a href=\"https:\/\/media.vrigstadshembygdsforening.se\/\/Vikingakarta.pdf\" target=\"_blank\" rel=\"noopener\">Vikingakarta<\/a><\/p>\n<p>&nbsp;<\/p>\n","protected":false},"excerpt":{"rendered":"<p>H\u00e4r presenterar vi n\u00e5gra kartor \u00f6ver Vrigstad. Biskopsbo \u00e4gor 1736 Biskopsbo \u00e4gor 2 1736 Generalstabskarta 1875\u00a0 Karta \u00f6ver Vrigstads socken<\/p>\n","protected":false},"author":1,"featured_media":0,"parent":0,"menu_order":0,"comment_status":"closed","ping_status":"closed","template":"","meta":{"footnotes":""},"class_list":["post-2062","page","type-page","status-publish","hentry"],"_links":{"self":[{"href":"https:\/\/vrigstadshembygdsforening.se\/index.php?rest_route=\/wp\/v2\/pages\/2062","targetHints":{"allow":["GET"]}}],"collection":[{"href":"https:\/\/vrigstadshembygdsforening.se\/index.php?rest_route=\/wp\/v2\/pages"}],"about":[{"href":"https:\/\/vrigstadshembygdsforening.se\/index.php?rest_route=\/wp\/v2\/types\/page"}],"author":[{"embeddable":true,"href":"https:\/\/vrigstadshembygdsforening.se\/index.php?rest_route=\/wp\/v2\/users\/1"}],"replies":[{"embeddable":true,"href":"https:\/\/vrigstadshembygdsforening.se\/index.php?rest_route=%2Fwp%2Fv2%2Fcomments&post=2062"}],"version-history":[{"count":7,"href":"https:\/\/vrigstadshembygdsforening.se\/index.php?rest_route=\/wp\/v2\/pages\/2062\/revisions"}],"predecessor-version":[{"id":2085,"href":"https:\/\/vrigstadshembygdsforening.se\/index.php?rest_route=\/wp\/v2\/pages\/2062\/revisions\/2085"}],"wp:attachment":[{"href":"https:\/\/vrigstadshembygdsforening.se\/index.php?rest_route=%2Fwp%2Fv2%2Fmedia&parent=2062"}],"curies":[{"name":"wp","href":"https:\/\/api.w.org\/{rel}","templated":true}]}}