{"id":1956,"date":"2018-06-27T18:22:14","date_gmt":"2018-06-27T18:22:14","guid":{"rendered":"http:\/\/vrigstadshembygdsforening.se\/?page_id=1956"},"modified":"2018-07-10T08:49:54","modified_gmt":"2018-07-10T08:49:54","slug":"emil-crona","status":"publish","type":"page","link":"https:\/\/vrigstadshembygdsforening.se\/?page_id=1956","title":{"rendered":"Emil Crona"},"content":{"rendered":"<p>Emil Crona f\u00f6ddes den 29 juli 1893 i Notholma, Stockaryd. Hans far var grenadj\u00e4rkorpral nr. 26 Carl August Krona, f\u00f6dd 1858, och hans mor Emma Christina Johansdotter, f\u00f6dd 1859, \u00e4ven hon i Stockaryd.<\/p>\n<p>Familjen bodde i Notholma till den 30 maj 1894 d\u00e5 de flyttade till Hj\u00e4rtetorp utanf\u00f6r Vrigstad. Han fick totalt sex syskon \u2013 tre systrar Helga, Ester och Hilma samt tre br\u00f6der Oskar, Hilbert och Knut.<\/p>\n<p>Emil gjorde sin milit\u00e4rtj\u00e4nstg\u00f6ring och blev furir med goda vitsord. Den 26 mars 1921 gifte han sig med Hildur Vilhelmina Viktoria Sj\u00f6berg. Hon var f\u00f6dd 1899-07-05 i Hetseryd, Stockaryd.<\/p>\n<p>Deras f\u00f6rsta gemensamma bostad verkar ha varit i Norra Ljunga \u2013 S\u00e4vsj\u00f6 Kisteg\u00e5rd \u2013 dit de flyttade drygt en m\u00e5nad efter giftem\u00e5let \u2013 den 6 maj 1921. H\u00e4r st\u00e5r han skriven som furir. Endast fem m\u00e5nader senare, den 14 oktober 1921, flyttar de till en l\u00e4genhet i Andersberg, S\u00e4vsj\u00f6v\u00e4gen 4. H\u00e4r st\u00e5r Emil skriven som banktj\u00e4nsteman. Vi har lite olika uppgifter, men tror att Emil arbetade p\u00e5 Svenska Handelsbanken 1921-1935 \u2013 och sedan en kort sejour p\u00e5 Sk\u00e5nska Banken till 1936.<\/p>\n<p>Bara n\u00e5gra dagar efter flytten till Vrigstad f\u00f6ds f\u00f6rsta barnet, Lennart, den 25 oktober 1921. 1922 flyttar de till det som att bli deras bostad livet ut \u2013 Solbacka. Det hade en tomt p\u00e5 3340 m2 och d\u00e4r finns nu tv\u00e5 hyreshus p\u00e5 tomten. Till en b\u00f6rjan hade de en hyresg\u00e4st och en tj\u00e4narinna boende i huset.<\/p>\n<p>12 september 1923 f\u00f6ds Ingrid Annabeth Viktoria. Tre \u00e5r senare, den 9 november 1926, f\u00f6ds Gerd Lilian Marianne.<\/p>\n<p>Emil startade allts\u00e5 sin bankkarri\u00e4r p\u00e5 Handelsbanken men 1936 b\u00f6rjade han som bankkamrer i Vrigstads Sparbank \u2013 och h\u00e4r blev han kvar hela sin yrkesverksamma tid. Han blev upph\u00f6jd till VD 1957 och var styrelseledamot i banken mellan 1937 och 1963.<\/p>\n<p>Enligt ett par skriftliga k\u00e4llor var han \u00e4ven styrelseledamot i Sk\u00e5nska Bankens avdelningskontor mellan 1936-1964. Det l\u00e5ter m\u00e4rkligt att man kan sitta i en konkurrerande verksamhets styrelse.<\/p>\n<p>Emil var \u00e4ven ordf\u00f6rande i Vrigstads kommunfullm\u00e4ktige 1940-1956 och i brandstyrelsen. Han var \u00e4ven ordf\u00f6rande i kommunaln\u00e4mnden (motsvarande kommunstyrelsen idag) 1923-1952 samt ordf\u00f6rande i kommunens pensionsn\u00e4mnd. Han var \u00e4ven ordf\u00f6rande i brandstodsn\u00e4mnden inom Vrigstad socken sedan 1922. Under perioden 1921-1923 var han \u00e4ven brandchef vid Vrigstads brandk\u00e5r.<\/p>\n<p>N\u00e4r Vrigstad IF startade 1932 blev Emil vald till gymnastiksektionen, tillsammans med bl.a. Gustav Hult\u00e9n. Jag s\u00e5g aldrig Emil som en gymnast, men i yngre dagar kanske han var duktig.<\/p>\n<p>Mer aktiv var han i Vrigstads Missionsf\u00f6rsamling, d\u00e4r han var ordf\u00f6rande fr.o.m. 1947 t.o.m. 1969.<\/p>\n<p>Dottern Ingrid var som man sa \u201dnervklen\u201d och hade epilepsi. Emil var alltid sn\u00e4ll och m\u00e5n om sin omgivning. Helena minns att han brukade k\u00f6pa en veckotidning och frukt och choklad till Ingrid varje dag n\u00e4r han gick hem fr\u00e5n banken med sin portf\u00f6lj.<\/p>\n<p>Emil dog den 11 november 1972. Hustrun Hildur levde ytterligare 15 \u00e5r och dog 1987.<\/p>\n<p>Jag tr\u00e4ffade ju Emil ett antal g\u00e5nger och han tyckte jag var trevlig \u2013 men han tyckte inte om mitt relativt l\u00e5nga sk\u00e4gg.<\/p>\n<p>Av Emils syskon s\u00e5 stannade de flesta kvar i eller i n\u00e4rheten av Vrigstad. Knut och Helga bodde tillsammans i ett hus p\u00e5 Korpral Gr\u00e4ns v\u00e4g. Knut gick dubbelvikt och efter en hj\u00e4rninflammation(?) i unga \u00e5r blev han d\u00f6vstum. Ingen av dem hade n\u00e5gon fast anst\u00e4llning. Knut hj\u00e4lpte till i folks tr\u00e4dg\u00e5rdar m.m. f\u00f6r att f\u00e5 lite inkomster. Hit till deras hus flyttade sedan brorsonen Sven Krona. Idag \u00e4r det Hasse Svensson som bor i huset.<\/p>\n<p>Ester var gift och fick tv\u00e5 barn. N\u00e4r det yngsta var 9 m\u00e5nader dog maken och hon blev \u00e4nka. Hon flyttade d\u00e5 till en l\u00e4genhet p\u00e5 S\u00e4vsj\u00f6v\u00e4gen. Hilma bodde p\u00e5 Backaled och Oskar bodde kvar i Hj\u00e4rtetorp. Han var far till bl.a. Bengt och Sven Crona. Brodern Hilbert bosatte sig i Komstad.<\/p>\n<p>\u00a9 B\u00f6rje Cronvall.<\/p>\n","protected":false},"excerpt":{"rendered":"<p>Emil Crona f\u00f6ddes den 29 juli 1893 i Notholma, Stockaryd. Hans far var grenadj\u00e4rkorpral nr. 26 Carl August Krona, f\u00f6dd<\/p>\n","protected":false},"author":1,"featured_media":0,"parent":0,"menu_order":0,"comment_status":"closed","ping_status":"closed","template":"","meta":{"footnotes":""},"class_list":["post-1956","page","type-page","status-publish","hentry"],"_links":{"self":[{"href":"https:\/\/vrigstadshembygdsforening.se\/index.php?rest_route=\/wp\/v2\/pages\/1956","targetHints":{"allow":["GET"]}}],"collection":[{"href":"https:\/\/vrigstadshembygdsforening.se\/index.php?rest_route=\/wp\/v2\/pages"}],"about":[{"href":"https:\/\/vrigstadshembygdsforening.se\/index.php?rest_route=\/wp\/v2\/types\/page"}],"author":[{"embeddable":true,"href":"https:\/\/vrigstadshembygdsforening.se\/index.php?rest_route=\/wp\/v2\/users\/1"}],"replies":[{"embeddable":true,"href":"https:\/\/vrigstadshembygdsforening.se\/index.php?rest_route=%2Fwp%2Fv2%2Fcomments&post=1956"}],"version-history":[{"count":2,"href":"https:\/\/vrigstadshembygdsforening.se\/index.php?rest_route=\/wp\/v2\/pages\/1956\/revisions"}],"predecessor-version":[{"id":1970,"href":"https:\/\/vrigstadshembygdsforening.se\/index.php?rest_route=\/wp\/v2\/pages\/1956\/revisions\/1970"}],"wp:attachment":[{"href":"https:\/\/vrigstadshembygdsforening.se\/index.php?rest_route=%2Fwp%2Fv2%2Fmedia&parent=1956"}],"curies":[{"name":"wp","href":"https:\/\/api.w.org\/{rel}","templated":true}]}}