{"id":1826,"date":"2017-11-05T12:32:35","date_gmt":"2017-11-05T12:32:35","guid":{"rendered":"http:\/\/vrigstadshembygdsforening.se\/?page_id=1826"},"modified":"2017-11-05T12:32:35","modified_gmt":"2017-11-05T12:32:35","slug":"lasordning-for-wrigstads-folkskola","status":"publish","type":"page","link":"https:\/\/vrigstadshembygdsforening.se\/?page_id=1826","title":{"rendered":"L\u00e4sordning f\u00f6r Wrigstads folkskola"},"content":{"rendered":"<p>Ett schema f\u00f6r folkskolan i Vrigstad fr\u00e5n svunna tider.<br \/>\n<a href=\"https:\/\/media.vrigstadshembygdsforening.se\/\/Lasordning.jpg\"><img loading=\"lazy\" decoding=\"async\" class=\"alignnone size-full wp-image-1827\" src=\"https:\/\/media.vrigstadshembygdsforening.se\/\/Lasordning.jpg\" alt=\"\" width=\"800\" height=\"518\" srcset=\"https:\/\/media.vrigstadshembygdsforening.se\/Lasordning.jpg 800w, https:\/\/media.vrigstadshembygdsforening.se\/Lasordning-300x194.jpg 300w, https:\/\/media.vrigstadshembygdsforening.se\/Lasordning-768x497.jpg 768w\" sizes=\"auto, (max-width: 800px) 100vw, 800px\" \/><\/a><\/p>\n","protected":false},"excerpt":{"rendered":"<p>Ett schema f\u00f6r folkskolan i Vrigstad fr\u00e5n svunna tider.<\/p>\n","protected":false},"author":1,"featured_media":0,"parent":0,"menu_order":0,"comment_status":"closed","ping_status":"closed","template":"","meta":{"footnotes":""},"class_list":["post-1826","page","type-page","status-publish","hentry"],"_links":{"self":[{"href":"https:\/\/vrigstadshembygdsforening.se\/index.php?rest_route=\/wp\/v2\/pages\/1826","targetHints":{"allow":["GET"]}}],"collection":[{"href":"https:\/\/vrigstadshembygdsforening.se\/index.php?rest_route=\/wp\/v2\/pages"}],"about":[{"href":"https:\/\/vrigstadshembygdsforening.se\/index.php?rest_route=\/wp\/v2\/types\/page"}],"author":[{"embeddable":true,"href":"https:\/\/vrigstadshembygdsforening.se\/index.php?rest_route=\/wp\/v2\/users\/1"}],"replies":[{"embeddable":true,"href":"https:\/\/vrigstadshembygdsforening.se\/index.php?rest_route=%2Fwp%2Fv2%2Fcomments&post=1826"}],"version-history":[{"count":1,"href":"https:\/\/vrigstadshembygdsforening.se\/index.php?rest_route=\/wp\/v2\/pages\/1826\/revisions"}],"predecessor-version":[{"id":1828,"href":"https:\/\/vrigstadshembygdsforening.se\/index.php?rest_route=\/wp\/v2\/pages\/1826\/revisions\/1828"}],"wp:attachment":[{"href":"https:\/\/vrigstadshembygdsforening.se\/index.php?rest_route=%2Fwp%2Fv2%2Fmedia&parent=1826"}],"curies":[{"name":"wp","href":"https:\/\/api.w.org\/{rel}","templated":true}]}}