{"id":1767,"date":"2017-08-31T13:48:48","date_gmt":"2017-08-31T13:48:48","guid":{"rendered":"http:\/\/vrigstadshembygdsforening.se\/?page_id=1767"},"modified":"2017-08-31T13:56:18","modified_gmt":"2017-08-31T13:56:18","slug":"program-vid-njudungsmasterskapet-i-fri-idrott-i-vrigstad-530726","status":"publish","type":"page","link":"https:\/\/vrigstadshembygdsforening.se\/?page_id=1767","title":{"rendered":"Program vid Njudungsm\u00e4sterskapet i fri idrott i Vrigstad 530726"},"content":{"rendered":"<p>Den 26 juli 1953 anordnades de trettonde Njudungsm\u00e4sterskapen i fri idrott p\u00e5 den nyinvigda idrottsplatsen i Vrigstad.<\/p>\n<p>Vrigstad st\u00e4llde upp med ett stort antal b\u00e5de manliga och kvinnliga idrottare och hade \u00e4ven ett antal m\u00e4sterskapstitlar att f\u00f6rsvara.<\/p>\n<p><a href=\"https:\/\/media.vrigstadshembygdsforening.se\/\/530725.jpg\"><img loading=\"lazy\" decoding=\"async\" class=\"alignnone size-full wp-image-1768\" src=\"https:\/\/media.vrigstadshembygdsforening.se\/\/530725.jpg\" alt=\"\" width=\"363\" height=\"3956\" srcset=\"https:\/\/media.vrigstadshembygdsforening.se\/530725.jpg 363w, https:\/\/media.vrigstadshembygdsforening.se\/530725-94x1024.jpg 94w\" sizes=\"auto, (max-width: 363px) 100vw, 363px\" \/><\/a><\/p>\n","protected":false},"excerpt":{"rendered":"<p>Den 26 juli 1953 anordnades de trettonde Njudungsm\u00e4sterskapen i fri idrott p\u00e5 den nyinvigda idrottsplatsen i Vrigstad. Vrigstad st\u00e4llde upp<\/p>\n","protected":false},"author":1,"featured_media":0,"parent":0,"menu_order":0,"comment_status":"closed","ping_status":"closed","template":"","meta":{"footnotes":""},"class_list":["post-1767","page","type-page","status-publish","hentry"],"_links":{"self":[{"href":"https:\/\/vrigstadshembygdsforening.se\/index.php?rest_route=\/wp\/v2\/pages\/1767","targetHints":{"allow":["GET"]}}],"collection":[{"href":"https:\/\/vrigstadshembygdsforening.se\/index.php?rest_route=\/wp\/v2\/pages"}],"about":[{"href":"https:\/\/vrigstadshembygdsforening.se\/index.php?rest_route=\/wp\/v2\/types\/page"}],"author":[{"embeddable":true,"href":"https:\/\/vrigstadshembygdsforening.se\/index.php?rest_route=\/wp\/v2\/users\/1"}],"replies":[{"embeddable":true,"href":"https:\/\/vrigstadshembygdsforening.se\/index.php?rest_route=%2Fwp%2Fv2%2Fcomments&post=1767"}],"version-history":[{"count":2,"href":"https:\/\/vrigstadshembygdsforening.se\/index.php?rest_route=\/wp\/v2\/pages\/1767\/revisions"}],"predecessor-version":[{"id":1773,"href":"https:\/\/vrigstadshembygdsforening.se\/index.php?rest_route=\/wp\/v2\/pages\/1767\/revisions\/1773"}],"wp:attachment":[{"href":"https:\/\/vrigstadshembygdsforening.se\/index.php?rest_route=%2Fwp%2Fv2%2Fmedia&parent=1767"}],"curies":[{"name":"wp","href":"https:\/\/api.w.org\/{rel}","templated":true}]}}