{"id":1748,"date":"2017-08-14T17:45:15","date_gmt":"2017-08-14T17:45:15","guid":{"rendered":"http:\/\/vrigstadshembygdsforening.se\/?page_id=1748"},"modified":"2017-08-14T17:45:15","modified_gmt":"2017-08-14T17:45:15","slug":"vardhemslakare-levi-ewaldsson-berattar-om-sin-tid-pa-biskopsbo-1983","status":"publish","type":"page","link":"https:\/\/vrigstadshembygdsforening.se\/?page_id=1748","title":{"rendered":"V\u00e5rdhemsl\u00e4kare Levi Ewaldsson ber\u00e4ttar om sin tid p\u00e5 Biskopsbo &#8211; 1983"},"content":{"rendered":"<p>Bertil Zettergren intervjuar Levi Ewaldsson om hans tid som v\u00e5rdhemsl\u00e4kare p\u00e5 Biskopsbo.<\/p>\n<audio class=\"wp-audio-shortcode\" id=\"audio-1748-1\" preload=\"none\" style=\"width: 100%;\" controls=\"controls\"><source type=\"audio\/mpeg\" src=\"https:\/\/media.vrigstadshembygdsforening.se\/\/V\u00e5rdhemsl\u00e4kare-Levi-Ewaldsson-ber\u00e4ttar-om-sin-tid-p\u00e5-Biskopsbo-1983-01.mp3?_=1\" \/><a href=\"https:\/\/media.vrigstadshembygdsforening.se\/\/V\u00e5rdhemsl\u00e4kare-Levi-Ewaldsson-ber\u00e4ttar-om-sin-tid-p\u00e5-Biskopsbo-1983-01.mp3\">https:\/\/media.vrigstadshembygdsforening.se\/\/V\u00e5rdhemsl\u00e4kare-Levi-Ewaldsson-ber\u00e4ttar-om-sin-tid-p\u00e5-Biskopsbo-1983-01.mp3<\/a><\/audio>\n<p>&nbsp;<\/p>\n","protected":false},"excerpt":{"rendered":"<p>Bertil Zettergren intervjuar Levi Ewaldsson om hans tid som v\u00e5rdhemsl\u00e4kare p\u00e5 Biskopsbo. &nbsp;<\/p>\n","protected":false},"author":1,"featured_media":0,"parent":0,"menu_order":0,"comment_status":"closed","ping_status":"closed","template":"","meta":{"footnotes":""},"class_list":["post-1748","page","type-page","status-publish","hentry"],"_links":{"self":[{"href":"https:\/\/vrigstadshembygdsforening.se\/index.php?rest_route=\/wp\/v2\/pages\/1748","targetHints":{"allow":["GET"]}}],"collection":[{"href":"https:\/\/vrigstadshembygdsforening.se\/index.php?rest_route=\/wp\/v2\/pages"}],"about":[{"href":"https:\/\/vrigstadshembygdsforening.se\/index.php?rest_route=\/wp\/v2\/types\/page"}],"author":[{"embeddable":true,"href":"https:\/\/vrigstadshembygdsforening.se\/index.php?rest_route=\/wp\/v2\/users\/1"}],"replies":[{"embeddable":true,"href":"https:\/\/vrigstadshembygdsforening.se\/index.php?rest_route=%2Fwp%2Fv2%2Fcomments&post=1748"}],"version-history":[{"count":2,"href":"https:\/\/vrigstadshembygdsforening.se\/index.php?rest_route=\/wp\/v2\/pages\/1748\/revisions"}],"predecessor-version":[{"id":1754,"href":"https:\/\/vrigstadshembygdsforening.se\/index.php?rest_route=\/wp\/v2\/pages\/1748\/revisions\/1754"}],"wp:attachment":[{"href":"https:\/\/vrigstadshembygdsforening.se\/index.php?rest_route=%2Fwp%2Fv2%2Fmedia&parent=1748"}],"curies":[{"name":"wp","href":"https:\/\/api.w.org\/{rel}","templated":true}]}}