{"id":1533,"date":"2016-12-12T16:45:56","date_gmt":"2016-12-12T16:45:56","guid":{"rendered":"http:\/\/vrigstadshembygdsforening.se\/?page_id=1533"},"modified":"2016-12-12T17:03:33","modified_gmt":"2016-12-12T17:03:33","slug":"artal-i-vrigstads-historia","status":"publish","type":"page","link":"https:\/\/vrigstadshembygdsforening.se\/?page_id=1533","title":{"rendered":"\u00c5rtal i Vrigstads historia"},"content":{"rendered":"<p>Nedan publicerar vi \u00e5rtalen f\u00f6r ett urval av mer eller mindre viktiga h\u00e4ndelser i Vrigstads historia:<\/p>\n<table width=\"683\">\n<tbody>\n<tr>\n<td width=\"114\"><strong>\u00c5r<\/strong><\/td>\n<td width=\"569\"><strong>H\u00e4ndelse<\/strong><\/td>\n<\/tr>\n<tr>\n<td>1000-talet<\/td>\n<td>En tr\u00e4kyrka byggs i Vrigstad<\/td>\n<\/tr>\n<tr>\n<td>1500-talet<\/td>\n<td>Boda kvarn startar sin verksamhet<\/td>\n<\/tr>\n<tr>\n<td>1591<\/td>\n<td width=\"569\">Kungen urf\u00e4rdar ett skyddsbrev f\u00f6r borgarna i V\u00e4xj\u00f6 att &#8221;hava deras handel p\u00e5 r\u00e4ttan marknadstid vid Vrigstad.&#8221;<\/td>\n<\/tr>\n<tr>\n<td>1648<\/td>\n<td>G\u00f6ran Gyllenstierna inr\u00e4ttar pedagogin i Vrigstad<\/td>\n<\/tr>\n<tr>\n<td>1700-talet<\/td>\n<td width=\"569\">En pr\u00e4stg\u00e5rd byggs s\u00f6der om kyrkan. Flyttas 1895 till nuvarande G\u00f6ransg\u00e5rden och 1960 till nuvarande Vrigstads V\u00e4rdshus<\/td>\n<\/tr>\n<tr>\n<td>1743-1745<\/td>\n<td>Biskopsbo majorsst\u00e4lle f\u00f6r Sm\u00e5lands ryttare byggs<\/td>\n<\/tr>\n<tr>\n<td>1816<\/td>\n<td>Vrigstads f\u00f6rsta industri, \u00c5dala garveri, startas.<\/td>\n<\/tr>\n<tr>\n<td>1826<\/td>\n<td width=\"569\">Ett nytt skolhus byggs p\u00e5 inr\u00e5dan av Esaias Tegn\u00e9r &#8211; flyttas senare. Numera St\u00e5lhammarska huset<\/td>\n<\/tr>\n<tr>\n<td>1842<\/td>\n<td>Den obligatoriska folkskolan inr\u00e4ttas<\/td>\n<\/tr>\n<tr>\n<td>1842<\/td>\n<td>Vrigstad f\u00e5r ett apotek, inrymt i norra delen av Bankg\u00e5rden<\/td>\n<\/tr>\n<tr>\n<td>1848<\/td>\n<td>Regeringen beslutar \u00f6ppna postkontor i Vrigstad &#8211; i Bankg\u00e5rden<\/td>\n<\/tr>\n<tr>\n<td>1848<\/td>\n<td>Runstedtska F\u00e4rgeriet grundas av Fredrik Runstedt<\/td>\n<\/tr>\n<tr>\n<td>1855<\/td>\n<td width=\"569\">Kristina Nilsson f\u00e5r s\u00e5ng- och musikundervisning av kantor Sven Granqvist i bankg\u00e5rden<\/td>\n<\/tr>\n<tr>\n<td>1860<\/td>\n<td width=\"569\">Ett nytt sockenhus byggs. Det anv\u00e4nds senare som skola och l\u00e4rarbostad. Flyttas 1956 till Kyrkogatan<\/td>\n<\/tr>\n<tr>\n<td>1860-talet<\/td>\n<td>Byggs skolhus i Virestorp, Holkaryd och \u00c5kak\u00f6p<\/td>\n<\/tr>\n<tr>\n<td>1862<\/td>\n<td>Vrigstads Missionsf\u00f6rsamling bildas och det f\u00f6rsta Missionshuset byggs<\/td>\n<\/tr>\n<tr>\n<td>1864<\/td>\n<td>Holkaryds f\u00f6rsta skolhus byggs. Det revs och ersattes av ett nytt \u00e5r 1910<\/td>\n<\/tr>\n<tr>\n<td>1865<\/td>\n<td>En ny kyrka byggs och den gamla stenkyrkan rivs<\/td>\n<\/tr>\n<tr>\n<td>1867<\/td>\n<td>Vrigstads Sparbank grundas<\/td>\n<\/tr>\n<tr>\n<td>1870-talet<\/td>\n<td>G\u00e5ngpostlinjer mellan bl.a. Vrigstad-Nydala<\/td>\n<\/tr>\n<tr>\n<td>1884<\/td>\n<td>Den siste ambulerande l\u00e4raren anst\u00e4lls &#8211; J A Cel\u00e9n<\/td>\n<\/tr>\n<tr>\n<td>1885<\/td>\n<td>Huvudbyggnaden p\u00e5 Lundholmen brinner ner och \u00e5teruppf\u00f6rs<\/td>\n<\/tr>\n<tr>\n<td>1885<\/td>\n<td>Lammafors stolfabrik startar sin verksamhet<\/td>\n<\/tr>\n<tr>\n<td>1890<\/td>\n<td>Vrigstad Helnykterhetsf\u00f6rening bildas<\/td>\n<\/tr>\n<tr>\n<td>1895<\/td>\n<td width=\"569\">\u00d6ppnar Telefon AB L M Ericsson telefonstation vid Torget. Flyttades 1906 och fanns kvar till automatiseringen 1962<\/td>\n<\/tr>\n<tr>\n<td>1895<\/td>\n<td width=\"569\">En ny pr\u00e4stg\u00e5rd byggs &#8211; anv\u00e4nds som pr\u00e4stg\u00e5rd till \u00e5r 1942. Idag \u00e4r byggnaden IM:s Vrigstadhemmet<\/td>\n<\/tr>\n<tr>\n<td>1896<\/td>\n<td>Telefonen kom till Vrigstad, det fanns sju abonnenter<\/td>\n<\/tr>\n<tr>\n<td>1900<\/td>\n<td>Vrigstads nykterhetsf\u00f6rening k\u00f6per bryggeriet<\/td>\n<\/tr>\n<tr>\n<td>1900 ca<\/td>\n<td>Oljedrivna gatljus sk\u00f6ttes av nattvakten R\u00e4nnare-Johan<\/td>\n<\/tr>\n<tr>\n<td>1902<\/td>\n<td>Vrigstads Skyttef\u00f6rening bildas<\/td>\n<\/tr>\n<tr>\n<td>1909<\/td>\n<td>Logen Klippan av IOGT bildas<\/td>\n<\/tr>\n<tr>\n<td>1910<\/td>\n<td>En ny skola byggs i Holkaryd &#8211; upph\u00f6r 1948<\/td>\n<\/tr>\n<tr>\n<td>1912<\/td>\n<td>Det hemliga ordenss\u00e4llskapet STF bildas<\/td>\n<\/tr>\n<tr>\n<td>1913<\/td>\n<td>Vattenkuranstalten bildas<\/td>\n<\/tr>\n<tr>\n<td>1914<\/td>\n<td width=\"569\">Vattenkuranstalten k\u00f6per V\u00e4stra h\u00e4rads tingshus, som flyttas till Vrigstad (Granbacken). Anv\u00e4nds som huvudbyggnad och restaurang<\/td>\n<\/tr>\n<tr>\n<td>1915<\/td>\n<td>Virestorp f\u00e5r ett nytt skolhus, ersatte ett gammalt fr\u00e5n 1860-talet<\/td>\n<\/tr>\n<tr>\n<td>1918<\/td>\n<td>Elektrisk str\u00f6m till Vrigstad fr\u00e5n en kraftstation i Kvarnag\u00e5rden<\/td>\n<\/tr>\n<tr>\n<td>1920<\/td>\n<td>Granbackens Pensionat startas d\u00e5 Vattenkuranstalten g\u00e5tt i likvidation och s\u00e5lts<\/td>\n<\/tr>\n<tr>\n<td>1921<\/td>\n<td>Vrigstads brandk\u00e5r bildas<\/td>\n<\/tr>\n<tr>\n<td>1924<\/td>\n<td>Apoteket i \u00f6ppnar i nybyggda lokaler<\/td>\n<\/tr>\n<tr>\n<td>1926<\/td>\n<td width=\"569\">En omnibusslinje mellan Stockaryd och V\u00e4rnamo startas av Hjalmar Sandstedt och Gunnar Hafstr\u00f6m<\/td>\n<\/tr>\n<tr>\n<td>1927<\/td>\n<td>Vrigstads Pingstf\u00f6rsamling bildas<\/td>\n<\/tr>\n<tr>\n<td>1928<\/td>\n<td>Vrigstads Sandalfabriksbolag bildas<\/td>\n<\/tr>\n<tr>\n<td>1930<\/td>\n<td width=\"569\">Vrigstads skola, \u201dVrigstads genom tiderna fulaste hus\u201d, byggs. Skolan stod kvar till 1967<\/td>\n<\/tr>\n<tr>\n<td>1931<\/td>\n<td>Vrigstad Missionskyrka byggs<\/td>\n<\/tr>\n<tr>\n<td>1932<\/td>\n<td>Vrigstad IF bildas<\/td>\n<\/tr>\n<tr>\n<td>1933<\/td>\n<td>Kooperativa aff\u00e4ren byggs (nuvarande Marknadsgatan 1)<\/td>\n<\/tr>\n<tr>\n<td>1940<\/td>\n<td>Folktandv\u00e5rden \u00f6ppnar i Vrigstad<\/td>\n<\/tr>\n<tr>\n<td>1942<\/td>\n<td>Vrigstads nya pr\u00e4stg\u00e5rd byggs<\/td>\n<\/tr>\n<tr>\n<td>1943<\/td>\n<td>Vrigstads gamla pr\u00e4stg\u00e5rd s\u00e4ljs till byggm\u00e4stare som s\u00e4ljer vidare till IM-hemmet<\/td>\n<\/tr>\n<tr>\n<td>1943<\/td>\n<td>Vrigstad IF f\u00e5r omkl\u00e4dningsrum p\u00e5 idrottsplatsen<\/td>\n<\/tr>\n<tr>\n<td>1944<\/td>\n<td>\u00d6ver 100 telefonabonnenter i Vrigstad<\/td>\n<\/tr>\n<tr>\n<td>1945<\/td>\n<td>Vrigstadhemmets verksamhet startar<\/td>\n<\/tr>\n<tr>\n<td>1946<\/td>\n<td>Vrigstad IF k\u00f6per idrottsplatsen av kommunen<\/td>\n<\/tr>\n<tr>\n<td>1948<\/td>\n<td>Vrigstads hembygdsf\u00f6rening bildas<\/td>\n<\/tr>\n<tr>\n<td>1949<\/td>\n<td>Skjutbanan vid gamla vattenverket l\u00e4ggs ner<\/td>\n<\/tr>\n<tr>\n<td>1952<\/td>\n<td>Vrigstad bildar kommun tillsammans med Svenarum, Nydala och Hylletofta kommuner<\/td>\n<\/tr>\n<tr>\n<td>1955<\/td>\n<td>En ny bro byggs \u00f6ver Vrigstad\u00e5n<\/td>\n<\/tr>\n<tr>\n<td>1956<\/td>\n<td>G\u00f6ran Lindblad debuterar i fotbollslandslaget<\/td>\n<\/tr>\n<tr>\n<td>1957<\/td>\n<td>Vrigstad skola byggs<\/td>\n<\/tr>\n<tr>\n<td>1963<\/td>\n<td>Vrigstad kyrka restaureras<\/td>\n<\/tr>\n<tr>\n<td>1969<\/td>\n<td>Nordiska Tr\u00e4hus AB startar sin hustillverkning<\/td>\n<\/tr>\n<tr>\n<td>1969<\/td>\n<td>Vrigstad Tennisklubb arrangerar sitt f\u00f6rsta KM<\/td>\n<\/tr>\n<tr>\n<td>1974<\/td>\n<td>Simhallen i Vrigstad invigs<\/td>\n<\/tr>\n<tr>\n<td>1974<\/td>\n<td>Vrigstads hembygdsf\u00f6rening ger ut sin f\u00f6rsta bok &#8221;Bilder fr\u00e5n Gamla Vrigstad&#8221;<\/td>\n<\/tr>\n<tr>\n<td>1976<\/td>\n<td>Vrigstad W\u00e4rdshus brinner ner till grunden<\/td>\n<\/tr>\n<tr>\n<td>1978<\/td>\n<td>Vrigstads nya brandstation tas i bruk<\/td>\n<\/tr>\n<tr>\n<td>1978<\/td>\n<td>Nya Pingstkyrkan invigs<\/td>\n<\/tr>\n<tr>\n<td>1981<\/td>\n<td>Vrigstads Missionskyrka byggs till<\/td>\n<\/tr>\n<tr>\n<td>1981<\/td>\n<td>Vrigstad IF avancerar till division IV i fotboll f\u00f6r f\u00f6rsta g\u00e5ngen efter seger mot N\u00e4ssj\u00f6 IF<\/td>\n<\/tr>\n<tr>\n<td>1983<\/td>\n<td>Vrigstads hembygdsf\u00f6rening anordnar konsert med Nicolai Gedda<\/td>\n<\/tr>\n<tr>\n<td>1984<\/td>\n<td>Hembygdsf\u00f6reningens stuga flyttas fr\u00e5n hembygdsparken till Gr\u00f6ndal<\/td>\n<\/tr>\n<tr>\n<td>1985<\/td>\n<td>Swed-Hus f\u00f6rs\u00e4tts \u00e5terigen i konkurs<\/td>\n<\/tr>\n<tr>\n<td>1990<\/td>\n<td>Vrigstads simhall l\u00e4ggs ner<\/td>\n<\/tr>\n<tr>\n<td>1997<\/td>\n<td>Highland Motors startar sin tillverkning av motorcykeln Highland<\/td>\n<\/tr>\n<tr>\n<td>1998<\/td>\n<td>Nordiska Tr\u00e4hus flyttar sin produktion till Myresj\u00f6<\/td>\n<\/tr>\n<tr>\n<td>1999<\/td>\n<td>Postkontoret flyttas till Statoil<\/td>\n<\/tr>\n<tr>\n<td>2001<\/td>\n<td>Sista \u00e5ret Vrigstad marknad har &#8221;djurmarknad&#8221;<\/td>\n<\/tr>\n<tr>\n<td>2002<\/td>\n<td>Stiftelsen Gamla Bankg\u00e5rden i Vrigstad bildas<\/td>\n<\/tr>\n<\/tbody>\n<\/table>\n","protected":false},"excerpt":{"rendered":"<p>Nedan publicerar vi \u00e5rtalen f\u00f6r ett urval av mer eller mindre viktiga h\u00e4ndelser i Vrigstads historia: \u00c5r H\u00e4ndelse 1000-talet En<\/p>\n","protected":false},"author":1,"featured_media":0,"parent":0,"menu_order":0,"comment_status":"closed","ping_status":"closed","template":"","meta":{"footnotes":""},"class_list":["post-1533","page","type-page","status-publish","hentry"],"_links":{"self":[{"href":"https:\/\/vrigstadshembygdsforening.se\/index.php?rest_route=\/wp\/v2\/pages\/1533","targetHints":{"allow":["GET"]}}],"collection":[{"href":"https:\/\/vrigstadshembygdsforening.se\/index.php?rest_route=\/wp\/v2\/pages"}],"about":[{"href":"https:\/\/vrigstadshembygdsforening.se\/index.php?rest_route=\/wp\/v2\/types\/page"}],"author":[{"embeddable":true,"href":"https:\/\/vrigstadshembygdsforening.se\/index.php?rest_route=\/wp\/v2\/users\/1"}],"replies":[{"embeddable":true,"href":"https:\/\/vrigstadshembygdsforening.se\/index.php?rest_route=%2Fwp%2Fv2%2Fcomments&post=1533"}],"version-history":[{"count":2,"href":"https:\/\/vrigstadshembygdsforening.se\/index.php?rest_route=\/wp\/v2\/pages\/1533\/revisions"}],"predecessor-version":[{"id":1538,"href":"https:\/\/vrigstadshembygdsforening.se\/index.php?rest_route=\/wp\/v2\/pages\/1533\/revisions\/1538"}],"wp:attachment":[{"href":"https:\/\/vrigstadshembygdsforening.se\/index.php?rest_route=%2Fwp%2Fv2%2Fmedia&parent=1533"}],"curies":[{"name":"wp","href":"https:\/\/api.w.org\/{rel}","templated":true}]}}