{"id":1330,"date":"2016-02-29T18:42:52","date_gmt":"2016-02-29T18:42:52","guid":{"rendered":"http:\/\/vrigstadshembygdsforening.se\/?page_id=1330"},"modified":"2016-02-29T18:42:52","modified_gmt":"2016-02-29T18:42:52","slug":"nordiska-trahus-ab-intervjuer","status":"publish","type":"page","link":"https:\/\/vrigstadshembygdsforening.se\/?page_id=1330","title":{"rendered":"Nordiska Tr\u00e4hus AB &#8211; intervjuer"},"content":{"rendered":"<p>Bertil Zettergren intervjuar G\u00f6sta och Karl-\u00c5ke Hj\u00e4lmeby samt Kenneth Almqvist 831114 om Nordiska Tr\u00e4hus AB.<\/p>\n<p><audio class=\"wp-audio-shortcode\" id=\"audio-1330-1\" preload=\"none\" style=\"width: 100%;\" controls=\"controls\"><source type=\"audio\/mpeg\" src=\"https:\/\/media.vrigstadshembygdsforening.se\/\/35-G\u00f6sta-och-Karl-\u00c5ke-Hj\u00e4lmeby-samt-Kenneth-Almqvist-831114.mp3?_=1\" \/><a href=\"https:\/\/media.vrigstadshembygdsforening.se\/\/35-G\u00f6sta-och-Karl-\u00c5ke-Hj\u00e4lmeby-samt-Kenneth-Almqvist-831114.mp3\">https:\/\/media.vrigstadshembygdsforening.se\/\/35-G\u00f6sta-och-Karl-\u00c5ke-Hj\u00e4lmeby-samt-Kenneth-Almqvist-831114.mp3<\/a><\/audio><br \/>\nOm inte inspelningen startar via l\u00e4nken ovan kan du ladda ner filen (se nedan)\u00a0till din dator och spela den i datorns mediaspelare.<\/p>\n<p><a href=\"https:\/\/media.vrigstadshembygdsforening.se\/\/35-G\u00f6sta-och-Karl-\u00c5ke-Hj\u00e4lmeby-samt-Kenneth-Almqvist-831114.mp3\">35 G\u00f6sta och Karl-\u00c5ke Hj\u00e4lmeby samt Kenneth Almqvist 831114<\/a>\u00a0(8 MB).<\/p>\n","protected":false},"excerpt":{"rendered":"<p>Bertil Zettergren intervjuar G\u00f6sta och Karl-\u00c5ke Hj\u00e4lmeby samt Kenneth Almqvist 831114 om Nordiska Tr\u00e4hus AB. Om inte inspelningen startar via<\/p>\n","protected":false},"author":1,"featured_media":0,"parent":0,"menu_order":0,"comment_status":"closed","ping_status":"closed","template":"","meta":{"footnotes":""},"class_list":["post-1330","page","type-page","status-publish","hentry"],"_links":{"self":[{"href":"https:\/\/vrigstadshembygdsforening.se\/index.php?rest_route=\/wp\/v2\/pages\/1330","targetHints":{"allow":["GET"]}}],"collection":[{"href":"https:\/\/vrigstadshembygdsforening.se\/index.php?rest_route=\/wp\/v2\/pages"}],"about":[{"href":"https:\/\/vrigstadshembygdsforening.se\/index.php?rest_route=\/wp\/v2\/types\/page"}],"author":[{"embeddable":true,"href":"https:\/\/vrigstadshembygdsforening.se\/index.php?rest_route=\/wp\/v2\/users\/1"}],"replies":[{"embeddable":true,"href":"https:\/\/vrigstadshembygdsforening.se\/index.php?rest_route=%2Fwp%2Fv2%2Fcomments&post=1330"}],"version-history":[{"count":1,"href":"https:\/\/vrigstadshembygdsforening.se\/index.php?rest_route=\/wp\/v2\/pages\/1330\/revisions"}],"predecessor-version":[{"id":1332,"href":"https:\/\/vrigstadshembygdsforening.se\/index.php?rest_route=\/wp\/v2\/pages\/1330\/revisions\/1332"}],"wp:attachment":[{"href":"https:\/\/vrigstadshembygdsforening.se\/index.php?rest_route=%2Fwp%2Fv2%2Fmedia&parent=1330"}],"curies":[{"name":"wp","href":"https:\/\/api.w.org\/{rel}","templated":true}]}}