{"id":1265,"date":"2015-11-26T11:18:05","date_gmt":"2015-11-26T11:18:05","guid":{"rendered":"http:\/\/vrigstadshembygdsforening.se\/?page_id=1265"},"modified":"2015-11-26T11:18:05","modified_gmt":"2015-11-26T11:18:05","slug":"vrigstad-kyrka-150-ar","status":"publish","type":"page","link":"https:\/\/vrigstadshembygdsforening.se\/?page_id=1265","title":{"rendered":"Vrigstad kyrka 150 \u00e5r"},"content":{"rendered":"<p>Den 24 november 1865 kunde Vrigstads nya kyrka besiktigas och f\u00f6rklaras helt f\u00e4rdig. Detta var slutet p\u00e5 en l\u00e5ngdragen process, som inletts redan 1847 d\u00e5 apotekare Lejdenfrost v\u00e4ckte fr\u00e5gan om en ny kyrkobyggnad. Sockenst\u00e4mman bif\u00f6ll Lejdenfrosts f\u00f6rslag och beslutade att \u201d<em> en ny kyrka af sten skulle inom 10 \u00e5r vara uppf\u00f6rd p\u00e5 den gamla vackra kyrkoplanen. F\u00f6rberedande \u00e5tg\u00e4rder borde snart vidtagas.\u201d<\/em><\/p>\n<p>Den gamla kyrkan hade d\u00e5, i omkring 750 \u00e5r, samlat den gudstj\u00e4nstfirande f\u00f6rsamlingen i Vrigstad till andakt. Det st\u00e4ndigt \u00f6kade underh\u00e5llet av kyrkan kostade pengar och den explosionsartade folk\u00f6kningen under 1800-talets f\u00f6rsta h\u00e4lft gjorde att kyrkan\u00a0 var otillr\u00e4cklig. \u00c5r 1853 besiktigades kyrkan av h\u00e4radsh\u00f6vding Gyllenkrok, som f\u00f6rklarade kyrkan f\u00f6r\u00a0 oduglig.<\/p>\n<p>Man ingick nu till Kongl. \u00d6ferintendentsembetet med en beg\u00e4ran om uppr\u00e4ttande av ritning och kostnadsf\u00f6rslag. I skrivelsen framf\u00f6rde man n\u00e5gra \u201dfromma \u00f6nskningar\u201d.<br \/>\n<em>\u201d1:o att Embetet ben\u00e4get ville afse den omst\u00e4ndigheten, att Wrigstad synes s\u00e5 sm\u00e5ningom utveckla sig till k\u00f6ping och kanske i en afl\u00e4gsen framtid till stad\u201d.<br \/>\n<\/em><em>2:o att den nya kyrkan m\u00e5tte s\u00e5 construeras, att talaren h\u00f6res, hvilket i allm\u00e4nhet icke skall vara f\u00f6rh\u00e5llandet med de nya kyrkorna.<br \/>\n<\/em><em>3:o att kyrkan m\u00e5 blifva helt enkel, hvilket mest \u00f6fverensst\u00e4mmer med f\u00f6rsamlingens tillg\u00e5ngar.<br \/>\n<\/em><em>4:o att kollekt och stambok tillstyrkes<\/em>(d.v.s. r\u00e4tt att i rikets alla kyrkor uppta kollekt f\u00f6r kyrkobyggnaden).<\/p>\n<p>Ritningar till en ny kyrka presenterades och godk\u00e4ndes, men i \u00f6vrigt blev inte mycket gjort.<\/p>\n<p>\u00c5r 1855 skriver d\u00e5varande prosten Bergqvist i ett protokoll: <em>\u201dDet omtalades f\u00f6r flera \u00e5r sedan , att en ny kyrka skulle i Wrigstad uppf\u00f6ras. Man utsatte redan tiden d\u00e5 tempelbyggnaden skulle begynnas och templet st\u00e5 fullbordat. Man utstakade plan f\u00f6r det nya templet, detta var \u00e5r 1847, 10 \u00e5r d\u00e4refter skulle allt vara f\u00e4rdigt och d\u00e5 nu blott tvenne \u00e5r af den utstakade tiden \u00e5terst\u00e5r har man knappt b\u00f6rjat. P\u00e5 detta s\u00e4tt blir ingen kyrkobyggnad full\u00e4ndad i Wrigstad, det \u00e4r klart och tydligt.\u201d<\/em><\/p>\n<p>Man kan f\u00f6rst\u00e5 hans frustration \u00f6ver att inget h\u00e4nde. Kanske vilade lite av ansvaret p\u00e5 honom sj\u00e4lv. Men s\u00e5 dog prosten Bergqvist i november 1856 och eftertr\u00e4ddes av kyrkoherden Lars Conrad Wetter, som tilltr\u00e4dde tj\u00e4nsten 1858. Han var en man som inte l\u00e4t gr\u00e4set gro under f\u00f6tterna och han visste hur man hanterade tr\u00f6ga sockengubbar. En byggnadskommitt\u00e9 tillsattes med Wetter som ordf\u00f6rande. Det f\u00f6rsta som nu h\u00e4nde var att Wetter reviderade de framtagna ritningarna. De f\u00f6reslagna sidol\u00e4ktarna togs bort d\u00e5 de <em>\u201dundanskymma dagsljuset\u201d<\/em>. F\u00f6r att inte g\u00f6ra avkall p\u00e5 kravet att kyrkan skulle rymma 1.200 personer f\u00f6rl\u00e4ngdes l\u00e5nghuset med 6 alnar.<\/p>\n<p>Platsen f\u00f6r den nya kyrkan utstakades och koret kom i det n\u00e4rmaste att tangera den gamla kyrkans norra l\u00e5ngv\u00e4gg. D\u00e5 den nya kyrkan skulle ligga norr om den gamla beh\u00f6vde kyrkog\u00e5rdsmuren flyttas c:a 30 meter mot norr. Detta innebar att landsv\u00e4gen (J\u00f6nk\u00f6pingsv\u00e4gen) m\u00e5ste flyttas norr ut i motsvarande grad. Den nya kyrkan skulle uppf\u00f6ras med tornet i norr och koret i s\u00f6der, vilket inte h\u00f6r till vanligheten. Troligen var det markf\u00f6rh\u00e5llandena som l\u00e5g bakom detta.<\/p>\n<p>Redan den 11 april 1859 p\u00e5b\u00f6rjades arbetet med v\u00e4gens oml\u00e4ggning efter av Wetter noggrant uppgjorda dagsverksl\u00e4ngder. Arbetet tog sin b\u00f6rjan kl. 06.00 p\u00e5 morgonen och om n\u00e5gon uteblev <em>\u201dlejes p\u00e5 den resterandes bekostnad\u201d<\/em>. Ingen kom undan. Alla skulle st\u00e4lla upp. I dagsverksl\u00e4ngden st\u00e5r antecknat att inhyses\u00e4nkan Maja Petersdotter p\u00e5 torpet Eken\u00e4s under Knutsbr\u00e5ten, hade kallats tv\u00e5 g\u00e5nger <em>\u201dmen ej<\/em> <em>komit\u201d<\/em>. Det var kanske inte s\u00e5 f\u00f6rv\u00e5nande. Hon var f\u00f6dd 1790 och allts\u00e5 69 \u00e5r d\u00e5 oml\u00e4ggningen av v\u00e4gen p\u00e5b\u00f6rjades. Vad skulle hon kunna g\u00f6ra vid ett v\u00e4gbygge? Men som sagt, alla skulle hj\u00e4lpa till. En som hade giltigt f\u00f6rfall var soldaten Mell p\u00e5 soldattorpet Dammen under Holkaryd Norreg\u00e5rd, d\u00e5 han var p\u00e5 kommendering enligt dagsverksl\u00e4ngden.<\/p>\n<p>Den 1 oktober 1862 var det dags att p\u00e5b\u00f6rja grundl\u00e4ggningen f\u00f6r kyrkan, \u00e4ven detta efter uppgjorda dagsverksl\u00e4ngder. Sj\u00e4lva uppf\u00f6randet av kyrkan skulle enligt den uppgjorda planen, ske under 1865 men redan 1861 hade entrepren\u00f6rer antagits. De som fick f\u00f6rtroendet var kyrkobyggm\u00e4starna Anders Persson fr\u00e5n Bollebygd och Anders Johansson fr\u00e5n Tv\u00e4rred. N\u00e4r upphandlingen var gjord avslutar Wetter protokollet med orden <em>\u201dHvile Herrans v\u00e4lsignelse \u00f6fver utf\u00f6randet!\u201d<\/em><\/p>\n<p>Den uppgjorda tidplanen f\u00f6ljdes och den 20 april 1865 p\u00e5b\u00f6rjades uppf\u00f6randet av kyrkan p\u00e5 den d\u00e5 f\u00e4rdigst\u00e4llda grunden. Det f\u00f6rekom d\u00e5 och d\u00e5 \u201d<em>oordning<\/em>\u201d bland dagsverkskarlarna, som noterades av Wetter. D\u00e5 <em>\u201dvida \u00f6ver 100 personer dagligen \u00e4ro samlade vid kyrkobyggnaden\u201d <\/em>s\u00f6kte nu Wetter f\u00e5 G\u00e4stgivarg\u00e5rdens utsk\u00e4nkning av \u00f6l och br\u00e4nnvin stoppad under tiden\u00a0 bygget p\u00e5gick. Hans framst\u00e4llan r\u00f6nte ingen framg\u00e5ng.<\/p>\n<p>Under byggm\u00e4starnas ledning v\u00e4xte sig v\u00e4ggarna allt h\u00f6gre under sommaren 1865. Den gamla kyrkan revs samtidigt, sedan riksantikvarien Hildebrand unders\u00f6kt den, och Vitterhetsakademiens tecknaren C. F. Lindberg avbildat de m\u00e4rkliga romanska m\u00e5lningarna, som framkom vid de tegelslagna valvens rivande. M\u00e5lningarna har daterats till 1140-talet.<\/p>\n<p>N\u00e4r nu den gamla kyrkan var riven och den nya \u00e4nnu inte var f\u00e4rdig h\u00f6lls gudstj\u00e4nsterna i det \u00e5r 1862 uppf\u00f6rda missionshuset vid V\u00e4xj\u00f6v\u00e4gen. Hit flyttade man altarrund och predikstol. Detta \u00e4r lite m\u00e4rkligt d\u00e5 f\u00f6rh\u00e5llandet mellan de fria andliga r\u00f6relserna och kyrkan inte var det b\u00e4sta. P\u00e5 kyrkplanen hanterade dagsverkskarlarna sten, virke, grus, kalk och takskiffer fr\u00e5n Fredriksbergs skifferbrott i Fr\u00f6deryd och hammarslagen ekade i templet, allt f\u00f6r att tidplanen skulle h\u00e5llas.<\/p>\n<p>Och den 24 november 1865, efter sju m\u00e5naders byggtid, kunde kyrkan synas in som fullt f\u00e4rdig. Man blir imponerad av vad man \u00e5stadkom p\u00e5 endast sju m\u00e5nader. Man hade planerat att julottan skulle bli den f\u00f6rsta gudstj\u00e4nsten i den nya kyrkan, men s\u00e5 blev det inte. D\u00e5 man var r\u00e4dd att m\u00e5lningen skulle skadas av v\u00e4rmen fr\u00e5n ljusen h\u00f6lls d\u00e4rf\u00f6r den f\u00f6rsta gudstj\u00e4nsten ny\u00e5rsdagen 1866.<\/p>\n<p>Vad hade det hela kostat? Ja, en sammanst\u00e4llning av kostnaderna slutar p\u00e5 drygt 40.000 riksdaler, vilket var en stor ekonomisk uppoffring av f\u00f6rsamlingsborna. Wetter hade av misstag utbetalat 50 riksdaler f\u00f6r mycket till byggm\u00e4staren. Han \u00e5lades av kyrkost\u00e4mman att h\u00e5lla kyrkokassan skadesl\u00f6s. I r\u00e4kenskapsboken har\u00a0 Wetter skrivit en bitter kommentar: <em>\u201dSe d\u00e4r erk\u00e4nslan f\u00f6r hafde besw\u00e4r och omsorger under kyrkobyggnaden\u201d.<\/em><\/p>\n<p>Kyrkan f\u00f6rs\u00e4krades i \u201dAllm\u00e4nna Brandf\u00f6rs\u00e4kringsverket f\u00f6r byggnader \u00e5 landet\u201d, som <em>\u201dhus utan eldfarlig inr\u00e4ttning\u201d <\/em>f\u00f6r 39.500 riksdaler med en \u00e5rlig premie av 29:63 riksdaler riksmynt. Kyrkan hade allts\u00e5 ingen uppv\u00e4rmning fr\u00e5n b\u00f6rjan. Bes\u00f6karna och ljusen var den enda v\u00e4rmek\u00e4llan. F\u00f6rst 1903, insattes tv\u00e5 stycken 2 \u00bd meter h\u00f6ga j\u00e4rnkaminer fr\u00e5n Klavrestr\u00f6m, som enligt protokoll fr\u00e5n maj 1903 inte motsvarade sitt \u00e4ndam\u00e5l <em>\u201demedan den under gudstj\u00e4nsten ingen v\u00e4rme \u00e5stadkom utan blott kvalmig och oh\u00e4lsosam luft\u201d. <\/em><\/p>\n<p>De gudstj\u00e4nstfirande Vrigstadborna fick v\u00e4nta \u00e4nda till 1930 p\u00e5 att f\u00e5 fungerande v\u00e4rme i kyrkan. D\u00e5 installerades en v\u00e4rmepanna och v\u00e4rmeledning i samband med en planerad st\u00f6rre renovering, som egentligen bara blev en halvmesyr. Kostnaden f\u00f6r renoveringen ber\u00e4knades till 40.000 kr. vilket st\u00e4mman tyckte var alldeles f\u00f6r mycket och beviljade endast 15.000, d\u00e4r man prioriterade v\u00e4rmeinstallationen.<\/p>\n<p>Mycket av den restaurering, som skulle gjorts 1930, genomf\u00f6rdes senare vid den stora och genomgripande restaureringen 1963. D\u00e5 kyrkan insyntes 1865 var den trots allt inte riktigt f\u00e4rdig. P\u00e5 l\u00e4ktaren stod platsen f\u00f6r orgeln tom och i tornet saknades uret.<\/p>\n<p>Kantor Sven Granqvist hade dittills lett f\u00f6rsamlingen i psalms\u00e5ngen till tonerna fr\u00e5n sitt enstr\u00e4ngiga psalmodikon. Men 1874 ans\u00e5g sig f\u00f6rsamlingen stadd vid kassa och uppdraget att installera orgeln gick till orgelbyggaren A. V. Lundahl i Malm\u00f6. 6.900 kronor kostade kalaset. (1873 hade Sverige f\u00e5tt ett nytt myntsystem och \u00f6verg\u00e5tt fr\u00e5n riksdaler riksmynt till kronor).<\/p>\n<p>1883 f\u00f6rberedde f\u00f6rsamlingen bildandet av en fond f\u00f6r att s\u00e5 sm\u00e5ningom kunna investera i tornur. N\u00e4r kyrkan byggdes gjordes uttag f\u00f6r urtavlor i tornets fyra v\u00e4derstreck. I uttagen monterades svartm\u00e5lade runda tr\u00e4skivor med p\u00e5m\u00e5lade siffror och visare, som i alla fall visade r\u00e4tt tid tv\u00e5 g\u00e5nger per dygn.<\/p>\n<p>Men s\u00e5 kom en skrivelse fr\u00e5n tornursfabrikanten Tornberg i Stockholm med beg\u00e4ran om ritningar p\u00e5 kyrkans torn. Han meddelade samtidigt att han av en nuvarande Stockholmare, f\u00f6dd i Vrigstad, f\u00e5tt en best\u00e4llning p\u00e5 ett b\u00e4ttre tornur f\u00f6r Vrigstads kyrka. De beg\u00e4rda ritningarna levererades och vid midsommartid 1884 satt tidm\u00e4taren f\u00f6r Vrigstads kyrkby p\u00e5 plats. Givaren var anonym fram till sin d\u00f6d 1899 d\u00e5 det i nekrologen avsl\u00f6jades att det var den bortg\u00e5ngne, som velat hedra sin f\u00f6delsebygd med g\u00e5van. Hans namn var Gabriel Johnsson, f\u00f6dd 1822 i torpet Hagen under Biskopsbo. Han hade flyttat till Stockholm 1843 d\u00e4r han blev hyrkusk\u00e4gare. Det gick bra f\u00f6r torparpojken och hans f\u00f6retag utvecklades och blev grunden till det k\u00e4nda Freys Express.<\/p>\n<p>Nu st\u00e5r hon d\u00e4r, v\u00e5r kyrka, som hon gjort i 150 \u00e5r och sett generationer komma och g\u00e5. De som f\u00f6rkunnat Guds ord har ocks\u00e5 v\u00e4xlat. Nu p\u00e5 kyrkans 150-\u00e5rsdag b\u00f6r vi s\u00e4nda en tacksamhetens tanke till kyrkoherden Lars Conrad Wetter, som <em>\u201derk\u00e4nsla f\u00f6r hafde besw\u00e4r och omsorger under kyrkobyggnaden\u201d. <\/em><\/p>\n<p><em>\u00a0<\/em>Stig Marz<\/p>\n","protected":false},"excerpt":{"rendered":"<p>Den 24 november 1865 kunde Vrigstads nya kyrka besiktigas och f\u00f6rklaras helt f\u00e4rdig. Detta var slutet p\u00e5 en l\u00e5ngdragen process,<\/p>\n","protected":false},"author":1,"featured_media":0,"parent":0,"menu_order":0,"comment_status":"closed","ping_status":"closed","template":"","meta":{"footnotes":""},"class_list":["post-1265","page","type-page","status-publish","hentry"],"_links":{"self":[{"href":"https:\/\/vrigstadshembygdsforening.se\/index.php?rest_route=\/wp\/v2\/pages\/1265","targetHints":{"allow":["GET"]}}],"collection":[{"href":"https:\/\/vrigstadshembygdsforening.se\/index.php?rest_route=\/wp\/v2\/pages"}],"about":[{"href":"https:\/\/vrigstadshembygdsforening.se\/index.php?rest_route=\/wp\/v2\/types\/page"}],"author":[{"embeddable":true,"href":"https:\/\/vrigstadshembygdsforening.se\/index.php?rest_route=\/wp\/v2\/users\/1"}],"replies":[{"embeddable":true,"href":"https:\/\/vrigstadshembygdsforening.se\/index.php?rest_route=%2Fwp%2Fv2%2Fcomments&post=1265"}],"version-history":[{"count":1,"href":"https:\/\/vrigstadshembygdsforening.se\/index.php?rest_route=\/wp\/v2\/pages\/1265\/revisions"}],"predecessor-version":[{"id":1266,"href":"https:\/\/vrigstadshembygdsforening.se\/index.php?rest_route=\/wp\/v2\/pages\/1265\/revisions\/1266"}],"wp:attachment":[{"href":"https:\/\/vrigstadshembygdsforening.se\/index.php?rest_route=%2Fwp%2Fv2%2Fmedia&parent=1265"}],"curies":[{"name":"wp","href":"https:\/\/api.w.org\/{rel}","templated":true}]}}