{"id":126,"date":"2015-07-13T10:50:13","date_gmt":"2015-07-13T10:50:13","guid":{"rendered":"http:\/\/vrigstadshembygdsforening.se\/?page_id=126"},"modified":"2020-08-18T16:28:04","modified_gmt":"2020-08-18T16:28:04","slug":"bli-medlem","status":"publish","type":"page","link":"https:\/\/vrigstadshembygdsforening.se\/?page_id=126","title":{"rendered":"Bli medlem"},"content":{"rendered":"<form accept-charset=\"iso-8859-1\" action=\"http:\/\/formmail.vrigstadshembygdsforening.se\" method=\"post\" name=\"form\">Vill du bli medlem?<br \/>\nSkicka ett mail till <a href=\"mailto:info@vrigstadshembygdsforening.se\">info@vrigstadshembygdsforening.se<\/a> d\u00e4r du anger namn och adress. Om du betalar barn- och ungdomsmedlemsskap anger du ocks\u00e5 ditt f\u00f6delse\u00e5r.<br \/>\nEnskild medlem &#8211; 100 kr.<br \/>\nBarn och ungdom t.o.m. 25 \u00e5r &#8211; 50 kr.<\/p>\n<p><span style=\"font-size: inherit;\">Betala avgiften till bankgiro 5560-4292 eller Swisha till 123 471 36 40.<\/span><\/p>\n<\/form>\n","protected":false},"excerpt":{"rendered":"<p>Vill du bli medlem? Skicka ett mail till info@vrigstadshembygdsforening.se d\u00e4r du anger namn och adress. Om du betalar barn- och<\/p>\n","protected":false},"author":1,"featured_media":0,"parent":0,"menu_order":0,"comment_status":"closed","ping_status":"open","template":"","meta":{"footnotes":""},"class_list":["post-126","page","type-page","status-publish","hentry"],"_links":{"self":[{"href":"https:\/\/vrigstadshembygdsforening.se\/index.php?rest_route=\/wp\/v2\/pages\/126","targetHints":{"allow":["GET"]}}],"collection":[{"href":"https:\/\/vrigstadshembygdsforening.se\/index.php?rest_route=\/wp\/v2\/pages"}],"about":[{"href":"https:\/\/vrigstadshembygdsforening.se\/index.php?rest_route=\/wp\/v2\/types\/page"}],"author":[{"embeddable":true,"href":"https:\/\/vrigstadshembygdsforening.se\/index.php?rest_route=\/wp\/v2\/users\/1"}],"replies":[{"embeddable":true,"href":"https:\/\/vrigstadshembygdsforening.se\/index.php?rest_route=%2Fwp%2Fv2%2Fcomments&post=126"}],"version-history":[{"count":22,"href":"https:\/\/vrigstadshembygdsforening.se\/index.php?rest_route=\/wp\/v2\/pages\/126\/revisions"}],"predecessor-version":[{"id":4084,"href":"https:\/\/vrigstadshembygdsforening.se\/index.php?rest_route=\/wp\/v2\/pages\/126\/revisions\/4084"}],"wp:attachment":[{"href":"https:\/\/vrigstadshembygdsforening.se\/index.php?rest_route=%2Fwp%2Fv2%2Fmedia&parent=126"}],"curies":[{"name":"wp","href":"https:\/\/api.w.org\/{rel}","templated":true}]}}