{"id":1023,"date":"2015-07-30T18:51:36","date_gmt":"2015-07-30T18:51:36","guid":{"rendered":"http:\/\/vrigstadshembygdsforening.se\/?page_id=1023"},"modified":"2015-10-06T14:33:50","modified_gmt":"2015-10-06T14:33:50","slug":"husen-runt-torget","status":"publish","type":"page","link":"https:\/\/vrigstadshembygdsforening.se\/?page_id=1023","title":{"rendered":"Husen runt torget &#8211; Henry Renshult"},"content":{"rendered":"<p>Vid en tematr\u00e4ff den 9 april 1992 ber\u00e4ttar Henry Renshult om husen runt torget.<\/p>\n<audio class=\"wp-audio-shortcode\" id=\"audio-1023-1\" preload=\"none\" style=\"width: 100%;\" controls=\"controls\"><source type=\"audio\/mpeg\" src=\"https:\/\/media.vrigstadshembygdsforening.se\/\/2015\/07\/122-Husen-runt-torget-Henry-Renshult-920409.mp3?_=1\" \/><a href=\"https:\/\/media.vrigstadshembygdsforening.se\/\/2015\/07\/122-Husen-runt-torget-Henry-Renshult-920409.mp3\">https:\/\/media.vrigstadshembygdsforening.se\/\/2015\/07\/122-Husen-runt-torget-Henry-Renshult-920409.mp3<\/a><\/audio>\n<p>Om inte inspelningen startar via l\u00e4nken ovan kan du ladda ner filen (se nedan)\u00a0till din dator och spela den i datorns mediaspelare.<\/p>\n<p><a href=\"https:\/\/media.vrigstadshembygdsforening.se\/\/2015\/07\/122-Husen-runt-torget-Henry-Renshult-920409.mp3\">122 Husen runt torget &#8211; Henry Renshult 920409<\/a>\u00a0(6 MB).<\/p>\n","protected":false},"excerpt":{"rendered":"<p>Vid en tematr\u00e4ff den 9 april 1992 ber\u00e4ttar Henry Renshult om husen runt torget. Om inte inspelningen startar via l\u00e4nken<\/p>\n","protected":false},"author":1,"featured_media":0,"parent":0,"menu_order":0,"comment_status":"closed","ping_status":"open","template":"","meta":{"footnotes":""},"class_list":["post-1023","page","type-page","status-publish","hentry"],"_links":{"self":[{"href":"https:\/\/vrigstadshembygdsforening.se\/index.php?rest_route=\/wp\/v2\/pages\/1023","targetHints":{"allow":["GET"]}}],"collection":[{"href":"https:\/\/vrigstadshembygdsforening.se\/index.php?rest_route=\/wp\/v2\/pages"}],"about":[{"href":"https:\/\/vrigstadshembygdsforening.se\/index.php?rest_route=\/wp\/v2\/types\/page"}],"author":[{"embeddable":true,"href":"https:\/\/vrigstadshembygdsforening.se\/index.php?rest_route=\/wp\/v2\/users\/1"}],"replies":[{"embeddable":true,"href":"https:\/\/vrigstadshembygdsforening.se\/index.php?rest_route=%2Fwp%2Fv2%2Fcomments&post=1023"}],"version-history":[{"count":2,"href":"https:\/\/vrigstadshembygdsforening.se\/index.php?rest_route=\/wp\/v2\/pages\/1023\/revisions"}],"predecessor-version":[{"id":1132,"href":"https:\/\/vrigstadshembygdsforening.se\/index.php?rest_route=\/wp\/v2\/pages\/1023\/revisions\/1132"}],"wp:attachment":[{"href":"https:\/\/vrigstadshembygdsforening.se\/index.php?rest_route=%2Fwp%2Fv2%2Fmedia&parent=1023"}],"curies":[{"name":"wp","href":"https:\/\/api.w.org\/{rel}","templated":true}]}}