{"id":1020,"date":"2015-07-30T18:44:43","date_gmt":"2015-07-30T18:44:43","guid":{"rendered":"http:\/\/vrigstadshembygdsforening.se\/?page_id=1020"},"modified":"2015-07-30T18:44:43","modified_gmt":"2015-07-30T18:44:43","slug":"torpvandring-i-samhallet","status":"publish","type":"page","link":"https:\/\/vrigstadshembygdsforening.se\/?page_id=1020","title":{"rendered":"Torpvandring i samh\u00e4llet"},"content":{"rendered":"<p>Vid en tr\u00e4ff den 29 augusti 1981 g\u00f6rs en torpvandring i samh\u00e4llet d\u00e4r Bertil Zettergren och Stig Marz ber\u00e4ttar om n\u00e5gra torp i samh\u00e4llet.<\/p>\n<audio class=\"wp-audio-shortcode\" id=\"audio-1020-1\" preload=\"none\" style=\"width: 100%;\" controls=\"controls\"><source type=\"audio\/mpeg\" src=\"https:\/\/media.vrigstadshembygdsforening.se\/\/2015\/07\/25-Torpvandring-i-samh\u00e4llet-810829.mp3?_=1\" \/><a href=\"https:\/\/media.vrigstadshembygdsforening.se\/\/2015\/07\/25-Torpvandring-i-samh\u00e4llet-810829.mp3\">https:\/\/media.vrigstadshembygdsforening.se\/\/2015\/07\/25-Torpvandring-i-samh\u00e4llet-810829.mp3<\/a><\/audio>\n<p>Om inte inspelningen startar via l\u00e4nken ovan kan du ladda ner filen (se nedan)\u00a0till din dator och spela den i datorns mediaspelare.<\/p>\n<p><a href=\"https:\/\/media.vrigstadshembygdsforening.se\/\/2015\/07\/25-Torpvandring-i-samh\u00e4llet-810829.mp3\">25 Torpvandring i samh\u00e4llet 810829<\/a>\u00a0(4 MB).<\/p>\n","protected":false},"excerpt":{"rendered":"<p>Vid en tr\u00e4ff den 29 augusti 1981 g\u00f6rs en torpvandring i samh\u00e4llet d\u00e4r Bertil Zettergren och Stig Marz ber\u00e4ttar om<\/p>\n","protected":false},"author":1,"featured_media":0,"parent":0,"menu_order":0,"comment_status":"closed","ping_status":"open","template":"","meta":{"footnotes":""},"class_list":["post-1020","page","type-page","status-publish","hentry"],"_links":{"self":[{"href":"https:\/\/vrigstadshembygdsforening.se\/index.php?rest_route=\/wp\/v2\/pages\/1020","targetHints":{"allow":["GET"]}}],"collection":[{"href":"https:\/\/vrigstadshembygdsforening.se\/index.php?rest_route=\/wp\/v2\/pages"}],"about":[{"href":"https:\/\/vrigstadshembygdsforening.se\/index.php?rest_route=\/wp\/v2\/types\/page"}],"author":[{"embeddable":true,"href":"https:\/\/vrigstadshembygdsforening.se\/index.php?rest_route=\/wp\/v2\/users\/1"}],"replies":[{"embeddable":true,"href":"https:\/\/vrigstadshembygdsforening.se\/index.php?rest_route=%2Fwp%2Fv2%2Fcomments&post=1020"}],"version-history":[{"count":1,"href":"https:\/\/vrigstadshembygdsforening.se\/index.php?rest_route=\/wp\/v2\/pages\/1020\/revisions"}],"predecessor-version":[{"id":1022,"href":"https:\/\/vrigstadshembygdsforening.se\/index.php?rest_route=\/wp\/v2\/pages\/1020\/revisions\/1022"}],"wp:attachment":[{"href":"https:\/\/vrigstadshembygdsforening.se\/index.php?rest_route=%2Fwp%2Fv2%2Fmedia&parent=1020"}],"curies":[{"name":"wp","href":"https:\/\/api.w.org\/{rel}","templated":true}]}}