{"id":1016,"date":"2015-07-30T18:32:05","date_gmt":"2015-07-30T18:32:05","guid":{"rendered":"http:\/\/vrigstadshembygdsforening.se\/?page_id=1016"},"modified":"2015-07-30T18:33:38","modified_gmt":"2015-07-30T18:33:38","slug":"intervju-med-emma-nilsson-och-john-johansson","status":"publish","type":"page","link":"https:\/\/vrigstadshembygdsforening.se\/?page_id=1016","title":{"rendered":"Intervju med Emma Nilsson och John Johansson"},"content":{"rendered":"<p>Stig Marz intervjuar Emma Nilsson och John Johansson p\u00e5 G\u00f6ransg\u00e5rden den 21 juli 1982.<\/p>\n<audio class=\"wp-audio-shortcode\" id=\"audio-1016-1\" preload=\"none\" style=\"width: 100%;\" controls=\"controls\"><source type=\"audio\/mpeg\" src=\"https:\/\/media.vrigstadshembygdsforening.se\/\/2015\/07\/33-Emma-Nilsson-och-John-Johansson-820721.mp3?_=1\" \/><a href=\"https:\/\/media.vrigstadshembygdsforening.se\/\/2015\/07\/33-Emma-Nilsson-och-John-Johansson-820721.mp3\">https:\/\/media.vrigstadshembygdsforening.se\/\/2015\/07\/33-Emma-Nilsson-och-John-Johansson-820721.mp3<\/a><\/audio>\n<p>Om inte inspelningen startar via l\u00e4nken ovan kan du ladda ner filen (se nedan)\u00a0till din dator och spela den i datorns mediaspelare.<\/p>\n<p><a href=\"https:\/\/media.vrigstadshembygdsforening.se\/\/2015\/07\/33-Emma-Nilsson-och-John-Johansson-820721.mp3\">33 Emma Nilsson och John Johansson 820721<\/a>\u00a0(8 MB).<\/p>\n","protected":false},"excerpt":{"rendered":"<p>Stig Marz intervjuar Emma Nilsson och John Johansson p\u00e5 G\u00f6ransg\u00e5rden den 21 juli 1982. Om inte inspelningen startar via l\u00e4nken<\/p>\n","protected":false},"author":1,"featured_media":0,"parent":0,"menu_order":0,"comment_status":"closed","ping_status":"open","template":"","meta":{"footnotes":""},"class_list":["post-1016","page","type-page","status-publish","hentry"],"_links":{"self":[{"href":"https:\/\/vrigstadshembygdsforening.se\/index.php?rest_route=\/wp\/v2\/pages\/1016","targetHints":{"allow":["GET"]}}],"collection":[{"href":"https:\/\/vrigstadshembygdsforening.se\/index.php?rest_route=\/wp\/v2\/pages"}],"about":[{"href":"https:\/\/vrigstadshembygdsforening.se\/index.php?rest_route=\/wp\/v2\/types\/page"}],"author":[{"embeddable":true,"href":"https:\/\/vrigstadshembygdsforening.se\/index.php?rest_route=\/wp\/v2\/users\/1"}],"replies":[{"embeddable":true,"href":"https:\/\/vrigstadshembygdsforening.se\/index.php?rest_route=%2Fwp%2Fv2%2Fcomments&post=1016"}],"version-history":[{"count":2,"href":"https:\/\/vrigstadshembygdsforening.se\/index.php?rest_route=\/wp\/v2\/pages\/1016\/revisions"}],"predecessor-version":[{"id":1019,"href":"https:\/\/vrigstadshembygdsforening.se\/index.php?rest_route=\/wp\/v2\/pages\/1016\/revisions\/1019"}],"wp:attachment":[{"href":"https:\/\/vrigstadshembygdsforening.se\/index.php?rest_route=%2Fwp%2Fv2%2Fmedia&parent=1016"}],"curies":[{"name":"wp","href":"https:\/\/api.w.org\/{rel}","templated":true}]}}